{"id":845,"date":"2024-04-25T13:53:56","date_gmt":"2024-04-25T13:53:56","guid":{"rendered":"https:\/\/www.luxproof.lu\/iot-infrastructures-intelligentes\/"},"modified":"2024-11-26T16:52:57","modified_gmt":"2024-11-26T16:52:57","slug":"iot-infrastructures-intelligentes","status":"publish","type":"page","link":"https:\/\/www.luxproof.lu\/fr\/iot-infrastructures-intelligentes\/","title":{"rendered":"IOT &amp; Infrastructures intelligentes"},"content":{"rendered":"\n\n\t<section class=\"section pageHeader\" id=\"section_239142200\">\n\t\t<div class=\"section-bg fill\" >\n\t\t\t\t\t\t\t\t\t\n\t\t\t\n\n\t\t<\/div>\n\n\t\t\n\n\t\t<div class=\"section-content relative\">\n\t\t\t\n\n<div class=\"row\"  id=\"row-1950297097\">\n\n\n\t<div id=\"col-2071085859\" class=\"col small-12 large-12\"  >\n\t\t\t\t<div class=\"col-inner\"  >\n\t\t\t\n\t\t\t\n\n  <div id=\"page-header-77268890\" class=\"page-header-wrapper\">\n  <div class=\"page-title light simple-title\">\n\n    \n    <div class=\"page-title-inner container align-center text-center flex-row-col medium-flex-wrap\" >\n              <div class=\"title-wrapper is-larger flex-col\">\n          <h1 class=\"entry-title mb-0\">\n            IOT &amp; Infrastructures intelligentes          <\/h1>\n        <\/div>\n                    <div class=\"title-content flex-col\">\n        <div class=\"title-breadcrumbs pb-half pt-half\"><\/div>      <\/div>\n    <\/div>\n\n       <\/div>\n    <\/div>\n  \n\n\n\t\t<\/div>\n\t\t\t\t\t<\/div>\n\n\t\n\n<\/div>\n\n  <div class=\"banner has-hover\" id=\"banner-1012910575\">\n          <div class=\"banner-inner fill\">\n        <div class=\"banner-bg fill\" >\n            <img loading=\"lazy\" decoding=\"async\" width=\"800\" height=\"800\" src=\"https:\/\/www.luxproof.lu\/wp-content\/uploads\/2024\/04\/iot-intelligent-network-800x800.webp\" class=\"bg attachment-large size-large\" alt=\"\" \/>                        <div class=\"overlay\"><\/div>            \n                    <\/div>\n\t\t\n        <div class=\"banner-layers container\">\n            <div class=\"fill banner-link\"><\/div>            \n\n   <div id=\"text-box-2008936128\" class=\"text-box banner-layer x50 md-x50 lg-x50 y50 md-y50 lg-y50 res-text\">\n                                <div class=\"text-box-content text dark\">\n              \n              <div class=\"text-inner text-center\">\n                  \n\n<p class=\"lead\">Explorez l&rsquo;avenir avec LuxProof, votre partenaire de confiance pour des espaces de vie et de travail intelligents. Gr\u00e2ce \u00e0 nos solutions innovantes, nous r\u00e9volutionnons la gestion de l&rsquo;\u00e9nergie, la s\u00e9curit\u00e9 et le confort dans votre environnement.<\/p>\n\n              <\/div>\n           <\/div>\n                            \n<style>\n#text-box-2008936128 {\n  width: 60%;\n}\n#text-box-2008936128 .text-box-content {\n  font-size: 100%;\n}\n@media (min-width:550px) {\n  #text-box-2008936128 {\n    width: 60%;\n  }\n}\n<\/style>\n    <\/div>\n \n\n        <\/div>\n      <\/div>\n\n            \n<style>\n#banner-1012910575 {\n  padding-top: 400px;\n  background-color: rgb(18, 22, 23);\n}\n#banner-1012910575 .overlay {\n  background-color: rgba(0,0,0,.5);\n}\n#banner-1012910575 .banner-bg img {\n  object-position: 0% 73%;\n}\n<\/style>\n  <\/div>\n\n\n\n\t\t<\/div>\n\n\t\t\n<style>\n#section_239142200 {\n  padding-top: 30px;\n  padding-bottom: 30px;\n}\n<\/style>\n\t<\/section>\n\t\n<div class=\"row\"  id=\"row-706722024\">\n\n\n\t<div id=\"col-1870357990\" class=\"col small-12 large-12\"  >\n\t\t\t\t<div class=\"col-inner\"  >\n\t\t\t\n\t\t\t\n\n<h2>Nos Solutions<\/h2>\n\n\t\t<\/div>\n\t\t\t\t\t<\/div>\n\n\t\n\n\t<div id=\"col-175408167\" class=\"col medium-6 small-12 large-6\"  >\n\t\t\t\t<div class=\"col-inner\"  >\n\t\t\t\n\t\t\t\n\n<ul>\n<li><strong>Gestion intelligente de l&rsquo;\u00e9nergie :<\/strong> Optimisez votre consommation d&rsquo;\u00e9nergie et r\u00e9duisez vos co\u00fbts gr\u00e2ce \u00e0 nos syst\u00e8mes de gestion avanc\u00e9s.<\/li>\n<li><strong>S\u00e9curit\u00e9 et surveillance :<\/strong> Assurez la s\u00e9curit\u00e9 de vos locaux gr\u00e2ce \u00e0 des technologies de surveillance modernes et \u00e0 des contr\u00f4les d&rsquo;acc\u00e8s automatis\u00e9s.<\/li>\n<li><strong>Automatisation et confort : <\/strong>Simplifiez votre vie quotidienne gr\u00e2ce \u00e0 des dispositifs automatis\u00e9s pour l&rsquo;\u00e9clairage, le chauffage et les appareils m\u00e9nagers.<\/li>\n<li><strong>Connectivit\u00e9 et IoT : <\/strong>Profitez d&rsquo;une connectivit\u00e9 transparente et d&rsquo;un r\u00e9seau IoT pour une gestion optimale de tous vos appareils intelligents.<\/li>\n<\/ul>\n\n\t\t<\/div>\n\t\t\t\t\t<\/div>\n\n\t\n\n\t<div id=\"col-1109496174\" class=\"col medium-6 small-12 large-6\"  >\n\t\t\t\t<div class=\"col-inner\"  >\n\t\t\t\n\t\t\t\n\n<ul>\n<li><strong>Une technologie de pointe :<\/strong> Nous int\u00e9grons les derni\u00e8res innovations pour am\u00e9liorer votre qualit\u00e9 de vie.<\/li>\n<li><strong>Efficacit\u00e9 et rentabilit\u00e9 :<\/strong> R\u00e9alisez des \u00e9conomies tout en optimisant les performances de votre b\u00e2timent.<\/li>\n<li><strong>S\u00e9curit\u00e9 renforc\u00e9e :<\/strong> Prot\u00e9gez vos biens et vos proches gr\u00e2ce \u00e0 des solutions de s\u00e9curit\u00e9 avanc\u00e9es.<\/li>\n<li><strong>Engagement environnemental :<\/strong> Adopter des pratiques durables pour un avenir plus vert et plus respectueux de l&rsquo;environnement.<\/li>\n<\/ul>\n\n\t\t<\/div>\n\t\t\t\t\t<\/div>\n\n\t\n\n\t<div id=\"col-1836041414\" class=\"col medium-6 small-12 large-6\"  >\n\t\t\t\t<div class=\"col-inner\"  >\n\t\t\t\n\t\t\t\n\n\t<div id=\"stack-2874551660\" class=\"stack stack-row justify-start items-start\">\n\t\t\n\n\t<div class=\"img has-hover x md-x lg-x y md-y lg-y\" id=\"image_1484945577\">\n\t\t\t\t\t\t\t\t<div class=\"img-inner dark\" >\n\t\t\t<img loading=\"lazy\" decoding=\"async\" width=\"320\" height=\"120\" src=\"https:\/\/www.luxproof.lu\/wp-content\/uploads\/2024\/11\/bega.webp\" class=\"attachment-original size-original\" alt=\"\" \/>\t\t\t\t\t\t\n\t\t\t\t\t<\/div>\n\t\t\t\t\t\t\t\t\n<style>\n#image_1484945577 {\n  width: 100%;\n}\n<\/style>\n\t<\/div>\n\t\n\n\t<div class=\"img has-hover x md-x lg-x y md-y lg-y\" id=\"image_729141266\">\n\t\t\t\t\t\t\t\t<div class=\"img-inner dark\" >\n\t\t\t<img loading=\"lazy\" decoding=\"async\" width=\"320\" height=\"120\" src=\"https:\/\/www.luxproof.lu\/wp-content\/uploads\/2024\/11\/jung.webp\" class=\"attachment-original size-original\" alt=\"\" \/>\t\t\t\t\t\t\n\t\t\t\t\t<\/div>\n\t\t\t\t\t\t\t\t\n<style>\n#image_729141266 {\n  width: 100%;\n}\n<\/style>\n\t<\/div>\n\t\n\n\n\t\t\n<style>\n#stack-2874551660 > * {\n  --stack-gap: 0rem;\n}\n<\/style>\n\t<\/div>\n\t\n\n\t\t<\/div>\n\t\t\t\t\t<\/div>\n\n\t\n\n<\/div>\n\n","protected":false},"excerpt":{"rendered":"","protected":false},"author":1,"featured_media":0,"parent":0,"menu_order":0,"comment_status":"closed","ping_status":"closed","template":"","meta":{"footnotes":""},"class_list":["post-845","page","type-page","status-publish","hentry"],"_links":{"self":[{"href":"https:\/\/www.luxproof.lu\/fr\/wp-json\/wp\/v2\/pages\/845","targetHints":{"allow":["GET"]}}],"collection":[{"href":"https:\/\/www.luxproof.lu\/fr\/wp-json\/wp\/v2\/pages"}],"about":[{"href":"https:\/\/www.luxproof.lu\/fr\/wp-json\/wp\/v2\/types\/page"}],"author":[{"embeddable":true,"href":"https:\/\/www.luxproof.lu\/fr\/wp-json\/wp\/v2\/users\/1"}],"replies":[{"embeddable":true,"href":"https:\/\/www.luxproof.lu\/fr\/wp-json\/wp\/v2\/comments?post=845"}],"version-history":[{"count":1,"href":"https:\/\/www.luxproof.lu\/fr\/wp-json\/wp\/v2\/pages\/845\/revisions"}],"predecessor-version":[{"id":849,"href":"https:\/\/www.luxproof.lu\/fr\/wp-json\/wp\/v2\/pages\/845\/revisions\/849"}],"wp:attachment":[{"href":"https:\/\/www.luxproof.lu\/fr\/wp-json\/wp\/v2\/media?parent=845"}],"curies":[{"name":"wp","href":"https:\/\/api.w.org\/{rel}","templated":true}]}}