{"id":807,"date":"2024-04-25T11:16:57","date_gmt":"2024-04-25T11:16:57","guid":{"rendered":"https:\/\/www.luxproof.lu\/infrastructures-de-recharge-pour-vehicules-electriques\/"},"modified":"2024-11-26T16:17:31","modified_gmt":"2024-11-26T16:17:31","slug":"infrastructures-de-recharge-pour-vehicules-electriques","status":"publish","type":"page","link":"https:\/\/www.luxproof.lu\/fr\/infrastructures-de-recharge-pour-vehicules-electriques\/","title":{"rendered":"Infrastructures de recharge pour v\u00e9hicules \u00e9lectriques"},"content":{"rendered":"\n\n\t<section class=\"section pageHeader\" id=\"section_309527096\">\n\t\t<div class=\"section-bg fill\" >\n\t\t\t\t\t\t\t\t\t\n\t\t\t\n\n\t\t<\/div>\n\n\t\t\n\n\t\t<div class=\"section-content relative\">\n\t\t\t\n\n<div class=\"row\"  id=\"row-1599464492\">\n\n\n\t<div id=\"col-971976242\" class=\"col small-12 large-12\"  >\n\t\t\t\t<div class=\"col-inner\"  >\n\t\t\t\n\t\t\t\n\n  <div id=\"page-header-535359452\" class=\"page-header-wrapper\">\n  <div class=\"page-title light simple-title\">\n\n    \n    <div class=\"page-title-inner container align-center text-center flex-row-col medium-flex-wrap\" >\n              <div class=\"title-wrapper is-larger flex-col\">\n          <h1 class=\"entry-title mb-0\">\n            Infrastructures de recharge pour v\u00e9hicules \u00e9lectriques          <\/h1>\n        <\/div>\n                    <div class=\"title-content flex-col\">\n        <div class=\"title-breadcrumbs pb-half pt-half\"><\/div>      <\/div>\n    <\/div>\n\n       <\/div>\n    <\/div>\n  \n\n\n\t\t<\/div>\n\t\t\t\t\t<\/div>\n\n\t\n\n<\/div>\n\n  <div class=\"banner has-hover\" id=\"banner-320048224\">\n          <div class=\"banner-inner fill\">\n        <div class=\"banner-bg fill\" >\n            <img loading=\"lazy\" decoding=\"async\" width=\"1920\" height=\"1920\" src=\"https:\/\/www.luxproof.lu\/wp-content\/uploads\/2024\/07\/emobility_head.webp\" class=\"bg attachment-original size-original\" alt=\"\" \/>                                    \n                    <\/div>\n\t\t\n        <div class=\"banner-layers container\">\n            <div class=\"fill banner-link\"><\/div>            \n\n   <div id=\"text-box-1719672390\" class=\"text-box banner-layer x50 md-x50 lg-x50 y50 md-y50 lg-y50 res-text\">\n                                <div class=\"text-box-content text dark\">\n              \n              <div class=\"text-inner text-center\">\n                  \n\n\n              <\/div>\n           <\/div>\n                            \n<style>\n#text-box-1719672390 {\n  width: 60%;\n}\n#text-box-1719672390 .text-box-content {\n  font-size: 100%;\n}\n@media (min-width:550px) {\n  #text-box-1719672390 {\n    width: 60%;\n  }\n}\n<\/style>\n    <\/div>\n \n\n        <\/div>\n      <\/div>\n\n            \n<style>\n#banner-320048224 {\n  padding-top: 400px;\n  background-color: rgb(18, 22, 23);\n}\n#banner-320048224 .banner-bg img {\n  object-position: 52% 65%;\n}\n<\/style>\n  <\/div>\n\n\n\n\t\t<\/div>\n\n\t\t\n<style>\n#section_309527096 {\n  padding-top: 30px;\n  padding-bottom: 30px;\n}\n<\/style>\n\t<\/section>\n\t\n<div class=\"row\"  id=\"row-1830474835\">\n\n\n\t<div id=\"col-19968200\" class=\"col small-12 large-12\"  >\n\t\t\t\t<div class=\"col-inner text-left\"  >\n\t\t\t\n\t\t\t\n\n<h2>Pr\u00e9sentation de LuxProof\u00ae et de nos partenaires Mennekes et Kempower dans le domaine de l&rsquo;e-mobilit\u00e9<\/h2>\n<p>LuxProof\u00ae est un fournisseur de premier plan en \u00e9lectromobilit\u00e9, collaborant avec des partenaires renomm\u00e9s pour offrir des infrastructures de recharge avanc\u00e9es et fiables. Nos partenariats avec Mennekes et Kempower garantissent l\u2019utilisation des meilleures technologies disponibles pour r\u00e9pondre aux besoins de nos clients. Depuis 2014, nous avons vendu plus de 6 500 points de recharge, soulignant notre engagement et notre capacit\u00e9 \u00e0 r\u00e9aliser des projets d&rsquo;envergure.<\/p>\n\n\n\t\t<\/div>\n\t\t\t\t\t<\/div>\n\n\t\n\n<\/div>\n<div class=\"row\"  id=\"row-255811592\">\n\n\n\t<div id=\"col-1055567219\" class=\"col medium-6 small-12 large-6\"  >\n\t\t\t\t<div class=\"col-inner\"  >\n\t\t\t\n\t\t\t\n\n\t<div class=\"img has-hover x md-x lg-x y md-y lg-y\" id=\"image_395247304\">\n\t\t\t\t\t\t\t\t<div class=\"img-inner dark\" >\n\t\t\t<img loading=\"lazy\" decoding=\"async\" width=\"720\" height=\"480\" src=\"https:\/\/www.luxproof.lu\/wp-content\/uploads\/2024\/07\/emobility_02.webp\" class=\"attachment-large size-large\" alt=\"\" srcset=\"https:\/\/www.luxproof.lu\/wp-content\/uploads\/2024\/07\/emobility_02.webp 720w, https:\/\/www.luxproof.lu\/wp-content\/uploads\/2024\/07\/emobility_02-600x400.webp 600w\" sizes=\"auto, (max-width: 720px) 100vw, 720px\" \/>\t\t\t\t\t\t\n\t\t\t\t\t<\/div>\n\t\t\t\t\t\t\t\t\n<style>\n#image_395247304 {\n  width: 100%;\n}\n<\/style>\n\t<\/div>\n\t\n\n\n\t\t<\/div>\n\t\t\t\t\t<\/div>\n\n\t\n\n\t<div id=\"col-1767547465\" class=\"col medium-6 small-12 large-6\"  >\n\t\t\t\t<div class=\"col-inner\"  >\n\t\t\t\n\t\t\t\n\n<h3>Partenariat avec Mennekes<\/h3>\n<p>Depuis plus d&rsquo;une d\u00e9cennie, nous travaillons \u00e9troitement avec Mennekes, un fabricant de technologie de recharge AC. Mennekes est r\u00e9put\u00e9 pour avoir d\u00e9velopp\u00e9 le standard europ\u00e9en de la prise Type 2, assurant ainsi une grande interop\u00e9rabilit\u00e9 et fiabilit\u00e9. Leurs stations de recharge et bo\u00eetiers muraux AC se distinguent par leur robustesse, leur convivialit\u00e9 et leurs normes de s\u00e9curit\u00e9 \u00e9lev\u00e9es, id\u00e9ales pour les secteurs priv\u00e9, commercial et public.<\/p>\n\n\t\t<\/div>\n\t\t\t\t\t<\/div>\n\n\t\n\n<\/div>\n<div class=\"row\"  id=\"row-202363988\">\n\n\n\t<div id=\"col-788142178\" class=\"col medium-6 small-12 large-6\"  >\n\t\t\t\t<div class=\"col-inner\"  >\n\t\t\t\n\t\t\t\n\n<h3>Partenariat avec Kempower<\/h3>\n<p>Dans le secteur de la recharge rapide DC, nous sommes partenaires de Kempower depuis quatre ans. Fabricant finlandais, Kempower est leader dans ce segment. Kempower offre des solutions de recharge rapides modulaires et \u00e9volutives avec des puissances de 50 \u00e0 600 kW. Ces syst\u00e8mes sont particuli\u00e8rement adapt\u00e9es aux centres logistiques, aux op\u00e9rateurs de transport public et aux stations de recharge rapide. Les syst\u00e8mes de charge DC de Kempower permettent une distribution dynamique de la charge et disposent de solutions avanc\u00e9es pour une gestion efficace de l&rsquo;infrastructure.<\/p>\n\n\t\t<\/div>\n\t\t\t\t\t<\/div>\n\n\t\n\n\t<div id=\"col-1850908691\" class=\"col medium-6 small-12 large-6\"  >\n\t\t\t\t<div class=\"col-inner\"  >\n\t\t\t\n\t\t\t\n\n\t<div class=\"img has-hover x md-x lg-x y md-y lg-y\" id=\"image_594686890\">\n\t\t\t\t\t\t\t\t<div class=\"img-inner dark\" >\n\t\t\t<img loading=\"lazy\" decoding=\"async\" width=\"720\" height=\"480\" src=\"https:\/\/www.luxproof.lu\/wp-content\/uploads\/2024\/07\/emobility_01.webp\" class=\"attachment-large size-large\" alt=\"\" srcset=\"https:\/\/www.luxproof.lu\/wp-content\/uploads\/2024\/07\/emobility_01.webp 720w, https:\/\/www.luxproof.lu\/wp-content\/uploads\/2024\/07\/emobility_01-600x400.webp 600w\" sizes=\"auto, (max-width: 720px) 100vw, 720px\" \/>\t\t\t\t\t\t\n\t\t\t\t\t<\/div>\n\t\t\t\t\t\t\t\t\n<style>\n#image_594686890 {\n  width: 100%;\n}\n<\/style>\n\t<\/div>\n\t\n\n\n\t\t<\/div>\n\t\t\t\t\t<\/div>\n\n\t\n\n<\/div>\n<div class=\"row\"  id=\"row-351961728\">\n\n\n\t<div id=\"col-420962765\" class=\"col small-12 large-12\"  >\n\t\t\t\t<div class=\"col-inner\"  >\n\t\t\t\n\t\t\t\n\n<h2>Nos services<\/h2>\n<p>Nos services en \u00e9lectromobilit\u00e9 incluent l\u2019analyse des besoins, des consultations personnalis\u00e9es, la planification pr\u00e9cise et la mise en service des infrastructures de recharge. Notre expertise et notre collaboration \u00e9troite avec Mennekes et Kempower nous permettent de d\u00e9velopper des solutions sur mesure qui r\u00e9pondent aux exigences sp\u00e9cifiques de nos clients, en assurant efficacit\u00e9 et fiabilit\u00e9 maximales.<\/p>\n\n\t\t<\/div>\n\t\t\t\t\t<\/div>\n\n\t\n\n<\/div>\n\n\t<section class=\"section\" id=\"section_1093852170\">\n\t\t<div class=\"section-bg fill\" >\n\t\t\t\t\t\t\t\t\t\n\t\t\t\n\n\t\t<\/div>\n\n\t\t\n\n\t\t<div class=\"section-content relative\">\n\t\t\t\n\n<div class=\"row align-middle\"  id=\"row-1962417310\">\n\n\n\t<div id=\"col-186318807\" class=\"col medium-8 small-12 large-8\"  >\n\t\t\t\t<div class=\"col-inner dark\"  >\n\t\t\t\n\t\t\t\n\n<h2>Innovation technologique et durabilit\u00e9<\/h2>\n<p>Mennekes et Kempower, deux entreprises familiales, se distinguent par leur innovation, leur fiabilit\u00e9 et leur excellence technologique. Mennekes est actif dans le domaine des connexions \u00e9lectriques depuis 1935 et a d\u00e9velopp\u00e9 le standard europ\u00e9en Type 2. Leurs produits sont r\u00e9put\u00e9s pour leur durabilit\u00e9 et leur technologie avanc\u00e9e.<\/p>\n<p>Kempower, qui s&rsquo;appuie sur les 70 ans d&rsquo;exp\u00e9rience de sa soci\u00e9t\u00e9 m\u00e8re, propose des solutions modernes dans le secteur de la technologie de charge \u00e0 courant continu. Leurs technologies incluent des modules de puissance de 25 kW pour une gestion dynamique, rendant ces partenaires id\u00e9aux pour LuxProof\u00ae. Les deux entreprises partagent une vision commune de la qualit\u00e9 et de l&rsquo;innovation, ce qui en fait des partenaires id\u00e9aux pour LuxProof<span style=\"font-weight: 400;\">\u00ae<\/span>.<\/p>\n\n\t\t<\/div>\n\t\t\t\t\t<\/div>\n\n\t\n\n\t<div id=\"col-1434795624\" class=\"col medium-4 small-12 large-4\"  >\n\t\t\t\t<div class=\"col-inner\"  >\n\t\t\t\n\t\t\t\n\n\t<div class=\"img has-hover x md-x lg-x y md-y lg-y\" id=\"image_1174249786\">\n\t\t\t\t\t\t\t\t<div class=\"img-inner dark\" >\n\t\t\t<img loading=\"lazy\" decoding=\"async\" width=\"800\" height=\"800\" src=\"https:\/\/www.luxproof.lu\/wp-content\/uploads\/2024\/07\/emobility_03-800x800.webp\" class=\"attachment-large size-large\" alt=\"\" srcset=\"https:\/\/www.luxproof.lu\/wp-content\/uploads\/2024\/07\/emobility_03-800x800.webp 800w, https:\/\/www.luxproof.lu\/wp-content\/uploads\/2024\/07\/emobility_03-400x400.webp 400w, https:\/\/www.luxproof.lu\/wp-content\/uploads\/2024\/07\/emobility_03-280x280.webp 280w, https:\/\/www.luxproof.lu\/wp-content\/uploads\/2024\/07\/emobility_03-768x768.webp 768w, https:\/\/www.luxproof.lu\/wp-content\/uploads\/2024\/07\/emobility_03.webp 1024w\" sizes=\"auto, (max-width: 800px) 100vw, 800px\" \/>\t\t\t\t\t\t\n\t\t\t\t\t<\/div>\n\t\t\t\t\t\t\t\t\n<style>\n#image_1174249786 {\n  width: 100%;\n}\n<\/style>\n\t<\/div>\n\t\n\n\n\t\t<\/div>\n\t\t\t\t\t<\/div>\n\n\t\n\n<\/div>\n\n\t\t<\/div>\n\n\t\t\n<style>\n#section_1093852170 {\n  padding-top: 30px;\n  padding-bottom: 30px;\n  background-color: rgb(17, 17, 17);\n}\n<\/style>\n\t<\/section>\n\t\n<div class=\"row align-middle\"  id=\"row-929431867\">\n\n\n\t<div id=\"col-46716221\" class=\"col medium-6 small-12 large-6\"  >\n\t\t\t\t<div class=\"col-inner\"  >\n\t\t\t\n\t\t\t\n\n<h2>Notre philosophie<\/h2>\n<p>En choisissant de ne pas proposer de produit sous la marque LuxProof<span style=\"font-weight: 400;\">\u00ae<\/span> dans le secteur de l\u2019e-Mobilit\u00e9, nous mettons en avant la technologie exceptionnelle de nos partenaires. Cela souligne notre engagement envers la qualit\u00e9 et l&rsquo;innovation dans l&rsquo;\u00e9lectromobilit\u00e9, en assurant que nos clients b\u00e9n\u00e9ficient toujours des meilleures technologies disponibles.<\/p>\n<p>D\u00e9couvrez comment nous fa\u00e7onnons l\u2019avenir de l\u2019\u00e9lectromobilit\u00e9 avec Mennekes et Kempower.<\/p>\n\n\t\t<\/div>\n\t\t\t\t\t<\/div>\n\n\t\n\n\t<div id=\"col-1970201233\" class=\"col medium-6 small-12 large-6\"  >\n\t\t\t\t<div class=\"col-inner\"  >\n\t\t\t\n\t\t\t\n\n\t<div class=\"img has-hover x md-x lg-x y md-y lg-y\" id=\"image_1469791382\">\n\t\t\t\t\t\t\t\t<div class=\"img-inner dark\" >\n\t\t\t<img loading=\"lazy\" decoding=\"async\" width=\"724\" height=\"768\" src=\"https:\/\/www.luxproof.lu\/wp-content\/uploads\/2024\/07\/emobility_illustration.webp\" class=\"attachment-large size-large\" alt=\"\" srcset=\"https:\/\/www.luxproof.lu\/wp-content\/uploads\/2024\/07\/emobility_illustration.webp 724w, https:\/\/www.luxproof.lu\/wp-content\/uploads\/2024\/07\/emobility_illustration-377x400.webp 377w\" sizes=\"auto, (max-width: 724px) 100vw, 724px\" \/>\t\t\t\t\t\t\n\t\t\t\t\t<\/div>\n\t\t\t\t\t\t\t\t\n<style>\n#image_1469791382 {\n  width: 100%;\n}\n<\/style>\n\t<\/div>\n\t\n\n\n\t\t<\/div>\n\t\t\t\t\t<\/div>\n\n\t\n\n<\/div>\n<div class=\"row align-center\"  id=\"row-1287738821\">\n\n\n\t<div id=\"col-723011392\" class=\"col medium-6 small-12 large-6\"  >\n\t\t\t\t<div class=\"col-inner\"  >\n\t\t\t\n\t\t\t\n\n\t<div id=\"stack-695789177\" class=\"stack stack-row justify-start items-stretch\">\n\t\t\n\n\t<div class=\"img has-hover x md-x lg-x y md-y lg-y\" id=\"image_1311931334\">\n\t\t\t\t\t\t\t\t<div class=\"img-inner dark\" >\n\t\t\t<img loading=\"lazy\" decoding=\"async\" width=\"320\" height=\"120\" src=\"https:\/\/www.luxproof.lu\/wp-content\/uploads\/2024\/04\/kempower.jpg\" class=\"attachment-large size-large\" alt=\"\" \/>\t\t\t\t\t\t\n\t\t\t\t\t<\/div>\n\t\t\t\t\t\t\t\t\n<style>\n#image_1311931334 {\n  width: 100%;\n}\n<\/style>\n\t<\/div>\n\t\n\n\t<div class=\"img has-hover x md-x lg-x y md-y lg-y\" id=\"image_2123505417\">\n\t\t\t\t\t\t\t\t<div class=\"img-inner dark\" >\n\t\t\t<img loading=\"lazy\" decoding=\"async\" width=\"320\" height=\"120\" src=\"https:\/\/www.luxproof.lu\/wp-content\/uploads\/2024\/04\/mennekes.jpg\" class=\"attachment-large size-large\" alt=\"\" \/>\t\t\t\t\t\t\n\t\t\t\t\t<\/div>\n\t\t\t\t\t\t\t\t\n<style>\n#image_2123505417 {\n  width: 100%;\n}\n<\/style>\n\t<\/div>\n\t\n\n\n\t\t\n<style>\n#stack-695789177 > * {\n  --stack-gap: 2rem;\n}\n<\/style>\n\t<\/div>\n\t\n\n\t\t<\/div>\n\t\t\t\t\t<\/div>\n\n\t\n\n<\/div>\n\n","protected":false},"excerpt":{"rendered":"","protected":false},"author":1,"featured_media":0,"parent":0,"menu_order":0,"comment_status":"closed","ping_status":"closed","template":"","meta":{"footnotes":""},"class_list":["post-807","page","type-page","status-publish","hentry"],"_links":{"self":[{"href":"https:\/\/www.luxproof.lu\/fr\/wp-json\/wp\/v2\/pages\/807","targetHints":{"allow":["GET"]}}],"collection":[{"href":"https:\/\/www.luxproof.lu\/fr\/wp-json\/wp\/v2\/pages"}],"about":[{"href":"https:\/\/www.luxproof.lu\/fr\/wp-json\/wp\/v2\/types\/page"}],"author":[{"embeddable":true,"href":"https:\/\/www.luxproof.lu\/fr\/wp-json\/wp\/v2\/users\/1"}],"replies":[{"embeddable":true,"href":"https:\/\/www.luxproof.lu\/fr\/wp-json\/wp\/v2\/comments?post=807"}],"version-history":[{"count":1,"href":"https:\/\/www.luxproof.lu\/fr\/wp-json\/wp\/v2\/pages\/807\/revisions"}],"predecessor-version":[{"id":816,"href":"https:\/\/www.luxproof.lu\/fr\/wp-json\/wp\/v2\/pages\/807\/revisions\/816"}],"wp:attachment":[{"href":"https:\/\/www.luxproof.lu\/fr\/wp-json\/wp\/v2\/media?parent=807"}],"curies":[{"name":"wp","href":"https:\/\/api.w.org\/{rel}","templated":true}]}}