{"id":801,"date":"2024-04-25T11:43:39","date_gmt":"2024-04-25T11:43:39","guid":{"rendered":"https:\/\/www.luxproof.lu\/cvc-pompes-a-chaleur\/"},"modified":"2025-11-06T09:02:21","modified_gmt":"2025-11-06T09:02:21","slug":"cvc-pompes-a-chaleur","status":"publish","type":"page","link":"https:\/\/www.luxproof.lu\/fr\/cvc-pompes-a-chaleur\/","title":{"rendered":"CVC &amp; Pompes \u00e0 chaleur"},"content":{"rendered":"\n\n\t<section class=\"section pageHeader\" id=\"section_735442900\">\n\t\t<div class=\"section-bg fill\" >\n\t\t\t\t\t\t\t\t\t\n\t\t\t\n\n\t\t<\/div>\n\n\t\t\n\n\t\t<div class=\"section-content relative\">\n\t\t\t\n\n<div class=\"row\"  id=\"row-1463851894\">\n\n\n\t<div id=\"col-1592078100\" class=\"col small-12 large-12\"  >\n\t\t\t\t<div class=\"col-inner text-center\"  >\n\t\t\t\n\t\t\t\n\n  <div id=\"page-header-411596150\" class=\"page-header-wrapper\">\n  <div class=\"page-title light simple-title\">\n\n    \n    <div class=\"page-title-inner container align-center text-center flex-row-col medium-flex-wrap\" >\n              <div class=\"title-wrapper is-larger flex-col\">\n          <h1 class=\"entry-title mb-0\">\n            CVC &amp; Pompes \u00e0 chaleur          <\/h1>\n        <\/div>\n                    <div class=\"title-content flex-col\">\n        <div class=\"title-breadcrumbs pb-half pt-half\"><\/div>      <\/div>\n    <\/div>\n\n       <\/div>\n    <\/div>\n  \n\n\n\t\t<\/div>\n\t\t\t\t\t<\/div>\n\n\t\n\n<\/div>\n\n  <div class=\"banner has-hover\" id=\"banner-741012553\">\n          <div class=\"banner-inner fill\">\n        <div class=\"banner-bg fill\" >\n            <img loading=\"lazy\" decoding=\"async\" width=\"800\" height=\"800\" src=\"https:\/\/www.luxproof.lu\/wp-content\/uploads\/2024\/07\/hvac_hero-800x800.webp\" class=\"bg attachment-large size-large\" alt=\"\" \/>                                    \n                    <\/div>\n\t\t\n        <div class=\"banner-layers container\">\n            <div class=\"fill banner-link\"><\/div>            \n\n   <div id=\"text-box-1651175751\" class=\"text-box banner-layer x50 md-x50 lg-x50 y50 md-y50 lg-y50 res-text\">\n                                <div class=\"text-box-content text dark\">\n              \n              <div class=\"text-inner text-center\">\n                  \n\n\n              <\/div>\n           <\/div>\n                            \n<style>\n#text-box-1651175751 {\n  width: 60%;\n}\n#text-box-1651175751 .text-box-content {\n  font-size: 100%;\n}\n<\/style>\n    <\/div>\n \n\n        <\/div>\n      <\/div>\n\n            \n<style>\n#banner-741012553 {\n  padding-top: 400px;\n}\n#banner-741012553 .banner-bg img {\n  object-position: 46% 45%;\n}\n<\/style>\n  <\/div>\n\n\n<div class=\"row\"  id=\"row-873215203\">\n\n\n\t<div id=\"col-2052546171\" class=\"col small-12 large-12\"  >\n\t\t\t\t<div class=\"col-inner\"  >\n\t\t\t\n\t\t\t\n\n<h2>Introduction aux pompes \u00e0 chaleur LuxProof\u00ae<\/h2>\n<p>Avec la marque LWK , les experts de Luxproof\u00ae ont identifi\u00e9 les pompes \u00e0 chaleur air\/eau les plus avanc\u00e9es pour un chauffage durable. Alliant technologie de pointe et design \u00e9cologique, elles offrent une solution de chauffage efficace et silencieuse pour les environnements r\u00e9sidentiels et commerciaux.  <\/p>\n<a href=\"https:\/\/www.luxproof.lu\/wp-content\/uploads\/2025\/11\/Luxproof_Flyer.pdf\" target=\"_blank\" class=\"button primary is-outline lowercase\" rel=\"noopener\" >\n\t\t<span>Nos solutions<\/span>\n\t<\/a>\n\n\n\n\t\t<\/div>\n\t\t\t\t\t<\/div>\n\n\t\n\n<\/div>\n\n\t\t<\/div>\n\n\t\t\n<style>\n#section_735442900 {\n  padding-top: 30px;\n  padding-bottom: 30px;\n}\n<\/style>\n\t<\/section>\n\t\n\n\t<section class=\"section\" id=\"section_1571619444\">\n\t\t<div class=\"section-bg fill\" >\n\t\t\t\t\t\t\t\t\t\n\t\t\t\n\n\t\t<\/div>\n\n\t\t\n\n\t\t<div class=\"section-content relative\">\n\t\t\t\n\n<div class=\"row\"  id=\"row-763645623\">\n\n\n\t<div id=\"col-377580799\" class=\"col small-12 large-12\"  >\n\t\t\t\t<div class=\"col-inner\"  >\n\t\t\t\n\t\t\t\n\n<h3>La s\u00e9rie \u00ab\u00a0LWK\u00a0\u00bb comprend quatre niveaux de puissance diff\u00e9rents pour r\u00e9pondre \u00e0 diverses exigences :<\/h3>\n\n\n<table border=\"1\" style=\"width: 100%; table-layout: fixed;\">\n  <colgroup>\n    <col style=\"width: 25%; padding-left: 10px;\">\n    <col style=\"width: 25%;\">\n    <col style=\"width: 25%;\">\n    <col style=\"width: 25%;\">\n  <\/colgroup>\n  <tr>\n    <th style=\"padding-left:10px\">Mod\u00e8le<\/th>\n<th>Capacit\u00e9 de chauffage (kW)<\/th>\n<th>SCOP<\/th>\n<th>Niveau sonore (dB(A))<\/th>\n  <\/tr>\n  <tr>\n    <td style=\"padding-left: 10px;\">LuxProof\u00ae LWK 07<\/td>\n<td>6.9<\/td>\n<td>5.7<\/td>\n<td>42<\/td>\n  <\/tr>\n  <tr>\n    <td style=\"padding-left: 10px;\">LuxProof\u00ae LWK 10<\/td>\n<td>10.1<\/td>\n<td>5.6<\/td>\n<td>44<\/td>\n  <\/tr>\n  <tr>\n    <td style=\"padding-left: 10px;\">LuxProof\u00ae LWK 15<\/td>\n<td>14.9<\/td>\n<td>5.7<\/td>\n<td>46<\/td>\n  <\/tr>\n  <tr>\n    <td style=\"padding-left: 10px;\">LuxProof\u00ae LWK 18<\/td>\n<td>17.8<\/td>\n<td>5.7<\/td>\n<td>48<\/td>\n  <\/tr>\n<\/table>\n\n\n\t\t<\/div>\n\t\t\t\t\t<\/div>\n\n\t\n\n<\/div>\n\n\t\t<\/div>\n\n\t\t\n<style>\n#section_1571619444 {\n  padding-top: 30px;\n  padding-bottom: 30px;\n  background-color: rgb(251, 251, 251);\n}\n<\/style>\n\t<\/section>\n\t\n<div class=\"row\"  id=\"row-343175513\">\n\n\n\t<div id=\"col-2050314540\" class=\"col small-12 large-12\"  >\n\t\t\t\t<div class=\"col-inner\"  >\n\t\t\t\n\t\t\t\n\n<p>Une caract\u00e9ristique remarquable des pompes \u00e0 chaleur LuxProof<span style=\"font-weight: 400;\">\u00ae<\/span> est leur polyvalence de connexion aux syst\u00e8mes photovolta\u00efques (PV). En les int\u00e9grant aux syst\u00e8mes PV, vous pouvez utiliser l&rsquo;\u00e9nergie solaire produite directement pour faire fonctionner la pompe \u00e0 chaleur. Plusieurs options techniques de connexion sont disponibles :   <\/p>\n<ol>\n<li><strong>Autoconsommation :<\/strong> l&rsquo;\u00e9nergie solaire est utilis\u00e9e directement par la pompe \u00e0 chaleur, r\u00e9duisant la d\u00e9pendance au r\u00e9seau et les co\u00fbts.<\/li>\n<li><strong>Stockage par batterie :<\/strong> l&rsquo;exc\u00e9dent d&rsquo;\u00e9nergie solaire peut \u00eatre stock\u00e9 pour une utilisation ult\u00e9rieure, renfor\u00e7ant l&rsquo;ind\u00e9pendance \u00e9nerg\u00e9tique.<\/li>\n<li><strong>Gestion intelligente de l\u2019\u00e9nergie :<\/strong> les syst\u00e8mes de contr\u00f4le, comme la s\u00e9rie Remote Control Gateway X, permettent de prioriser la consommation solaire pour optimiser l&rsquo;efficacit\u00e9 \u00e9nerg\u00e9tique et l&rsquo;autoconsommation. <\/li>\n<li><strong>Options d\u2019int\u00e9gration :<\/strong><\/li>\n<\/ol>\n<ul>\n<li style=\"list-style-type: none;\">\n<ul>\n<li><strong>Onduleurs AE :<\/strong> connexion via bus RS485, utilisant les micro-onduleurs d&rsquo;AEconversion.<\/li>\n<li><strong>Onduleurs Fronius :<\/strong> connexion par Modbus RTU ou TCP, avec option de compteur Fronius Smart Meter ou de stockage par batterie.<\/li>\n<li><strong>Capteur PV :<\/strong> mesure le rayonnement solaire et calcule la production PV pour la pompe.<\/li>\n<li><strong>Modbus TCP\/RTU : <\/strong>int\u00e9gration aux syst\u00e8mes de gestion de b\u00e2timent pour un contr\u00f4le direct de la pompe \u00e0 chaleur.<\/li>\n<\/ul>\n<\/li>\n<\/ul>\n\n\t\t<\/div>\n\t\t\t\t\t<\/div>\n\n\t\n\n\t<div id=\"col-1837588826\" class=\"col medium-6 small-12 large-6\"  >\n\t\t\t\t<div class=\"col-inner\"  >\n\t\t\t\n\t\t\t\n\n\t<div class=\"img has-hover x md-x lg-x y md-y lg-y\" id=\"image_1575924968\">\n\t\t\t\t\t\t\t\t<div class=\"img-inner dark\" >\n\t\t\t<img loading=\"lazy\" decoding=\"async\" width=\"800\" height=\"800\" src=\"https:\/\/www.luxproof.lu\/wp-content\/uploads\/2024\/07\/hvac_01-800x800.webp\" class=\"attachment-large size-large\" alt=\"\" srcset=\"https:\/\/www.luxproof.lu\/wp-content\/uploads\/2024\/07\/hvac_01-800x800.webp 800w, https:\/\/www.luxproof.lu\/wp-content\/uploads\/2024\/07\/hvac_01-400x400.webp 400w, https:\/\/www.luxproof.lu\/wp-content\/uploads\/2024\/07\/hvac_01-280x280.webp 280w, https:\/\/www.luxproof.lu\/wp-content\/uploads\/2024\/07\/hvac_01-768x768.webp 768w, https:\/\/www.luxproof.lu\/wp-content\/uploads\/2024\/07\/hvac_01.webp 1024w\" sizes=\"auto, (max-width: 800px) 100vw, 800px\" \/>\t\t\t\t\t\t\n\t\t\t\t\t<\/div>\n\t\t\t\t\t\t\t\t\n<style>\n#image_1575924968 {\n  width: 100%;\n}\n<\/style>\n\t<\/div>\n\t\n\n\n\t\t<\/div>\n\t\t\t\t\t<\/div>\n\n\t\n\n\t<div id=\"col-158892046\" class=\"col medium-6 small-12 large-6\"  >\n\t\t\t\t<div class=\"col-inner\"  >\n\t\t\t\n\t\t\t\n\n<p>Un avantage majeur des pompes \u00e0 chaleur LuxProof<span style=\"font-weight: 400;\">\u00ae<\/span> est l&rsquo;utilisation du fluide frigorig\u00e8ne \u00e9cologique R290 (propane) au lieu du R410A conventionnel. Le R290 a un potentiel de r\u00e9chauffement global (PRG) plus faible, ce qui r\u00e9duit son impact sur le changement climatique. Ce fluide naturel est r\u00e9put\u00e9 pour son efficacit\u00e9 \u00e9lev\u00e9e et sa compatibilit\u00e9 environnementale.  <\/p>\n<p>Les pompes LuxProof<span style=\"font-weight: 400;\">\u00ae<\/span> se d\u00e9marquent par une efficacit\u00e9 exceptionnelle et une technologie avanc\u00e9e. Avec un SCOP (Seasonal Coefficient of Performance &#8211; Coefficient de Performance Saisonnier) allant de 5,6 \u00e0 5,7, elles surpassent la moyenne de l&rsquo;industrie, g\u00e9n\u00e9rant davantage de chaleur avec moins d&rsquo;\u00e9nergie.  <\/p>\n<p>Leur fonctionnement silencieux, avec des \u00e9missions sonores de 42 \u00e0 48 dB(A), les rend id\u00e9ales pour les environnements sensibles au bruit. <\/p>\n\n\t\t<\/div>\n\t\t\t\t\t<\/div>\n\n\t\n\n\t<div id=\"col-2018487549\" class=\"col small-12 large-12\"  >\n\t\t\t\t<div class=\"col-inner\"  >\n\t\t\t\n\t\t\t\n\n<p>Fabriqu\u00e9es avec des mat\u00e9riaux durables et de haute qualit\u00e9, nos pompes garantissent une longue dur\u00e9e de vie et un fonctionnement fiable. Gr\u00e2ce \u00e0 des syst\u00e8mes de contr\u00f4le innovants et \u00e0 des options de raccordement polyvalentes, les pompes \u00e0 chaleur LuxProof<span style=\"font-weight: 400;\">\u00ae<\/span> constituent une solution flexible et \u00e9volutive pour votre syst\u00e8me de chauffage. <\/p>\n<p>Une autre caract\u00e9ristique remarquable est la couleur ext\u00e9rieure des pompes \u00e0 chaleur. Les pompes \u00e0 chaleur LuxProof<span style=\"font-weight: 400;\">\u00ae<\/span> sont disponibles en anthracite (RAL 7016), une couleur intemporelle et moderne qui s&rsquo;int\u00e8gre harmonieusement dans tout environnement ext\u00e9rieur. La couleur anthracite offre non seulement des avantages esth\u00e9tiques mais aussi des avantages pratiques pour une utilisation en ext\u00e9rieur. Elle est moins sujette \u00e0 la salet\u00e9 visible et \u00e0 la d\u00e9coloration et reste attrayante pendant de nombreuses ann\u00e9es. En outre, la couleur neutre s&rsquo;adapte parfaitement aux diff\u00e9rents styles architecturaux, des b\u00e2timents classiques aux b\u00e2timents modernes, garantissant que la pompe \u00e0 chaleur s&rsquo;int\u00e8gre discr\u00e8tement et \u00e9l\u00e9gamment \u00e0 l&rsquo;apparence g\u00e9n\u00e9rale.    <\/p>\n\n\t\t<\/div>\n\t\t\t\t\t<\/div>\n\n\t\n\n<\/div>\n\n\t<section class=\"section has-parallax\" id=\"section_392732585\">\n\t\t<div class=\"section-bg fill\" data-parallax-container=\".section\" data-parallax-background data-parallax=\"-7\">\n\t\t\t<img loading=\"lazy\" decoding=\"async\" width=\"1024\" height=\"1024\" src=\"https:\/\/www.luxproof.lu\/wp-content\/uploads\/2024\/04\/heat-pump-solutions.webp\" class=\"bg attachment- size-\" alt=\"\" \/>\t\t\t\t\t\t\n\t\t\t\n\n\t\t<\/div>\n\n\t\t\n\n\t\t<div class=\"section-content relative\">\n\t\t\t\n\n\n\t\t<\/div>\n\n\t\t\n<style>\n#section_392732585 {\n  padding-top: 120px;\n  padding-bottom: 120px;\n  min-height: 300px;\n}\n#section_392732585 .section-bg img {\n  object-position: 26% 46%;\n}\n<\/style>\n\t<\/section>\n\t\n<div class=\"row\"  id=\"row-271439964\">\n\n\n\t<div id=\"col-923240130\" class=\"col small-12 large-12\"  >\n\t\t\t\t<div class=\"col-inner\"  >\n\t\t\t\n\t\t\t\n\n<p>\u00c0 l&rsquo;avenir, il sera possible de commander le bo\u00eetier ext\u00e9rieur de la pompe en d\u2019autres couleurs RAL, excluant la grille de ventilation qui restera anthracite, pour une int\u00e9gration encore plus personnalis\u00e9e. <\/p>\n<p>En investissant dans les pompes \u00e0 chaleur LuxProof<span style=\"font-weight: 400;\">\u00ae<\/span> de la s\u00e9rie \u00ab LWK \u00bb, vous optez pour une solution de chauffage \u00e9cologique et durable qui r\u00e9duit les \u00e9missions de CO\u2082 et diminue les co\u00fbts \u00e9nerg\u00e9tiques de mani\u00e8re durable.<\/p>\n<p>Pour plus d&rsquo;informations et des conseils personnalis\u00e9s, veuillez contacter un repr\u00e9sentant LuxProof<span style=\"font-weight: 400;\">\u00ae<\/span>.<\/p>\n\n\t\t<\/div>\n\t\t\t\t\t<\/div>\n\n\t\n\n<\/div>\n<div class=\"row\"  id=\"row-876204689\">\n\n\n\t<div id=\"col-307081407\" class=\"col medium-4 small-12 large-4\"  >\n\t\t\t\t<div class=\"col-inner\"  >\n\t\t\t\n\t\t\t\n\n\t<div class=\"img has-hover x md-x lg-x y md-y lg-y\" id=\"image_465194238\">\n\t\t\t\t\t\t\t\t<div class=\"img-inner dark\" >\n\t\t\t<img loading=\"lazy\" decoding=\"async\" width=\"320\" height=\"120\" src=\"https:\/\/www.luxproof.lu\/wp-content\/uploads\/2024\/07\/heliotherm.webp\" class=\"attachment-large size-large\" alt=\"\" \/>\t\t\t\t\t\t\n\t\t\t\t\t<\/div>\n\t\t\t\t\t\t\t\t\n<style>\n#image_465194238 {\n  width: 100%;\n}\n<\/style>\n\t<\/div>\n\t\n\n\n\t\t<\/div>\n\t\t\t\t\t<\/div>\n\n\t\n\n\t<div id=\"col-165269970\" class=\"col medium-4 small-12 large-4\"  >\n\t\t\t\t<div class=\"col-inner\"  >\n\t\t\t\n\t\t\t\n\n\t<div class=\"img has-hover x md-x lg-x y md-y lg-y\" id=\"image_1485982828\">\n\t\t\t\t\t\t\t\t<div class=\"img-inner dark\" >\n\t\t\t<img loading=\"lazy\" decoding=\"async\" width=\"320\" height=\"120\" src=\"https:\/\/www.luxproof.lu\/wp-content\/uploads\/2024\/04\/lg.jpg\" class=\"attachment-large size-large\" alt=\"\" \/>\t\t\t\t\t\t\n\t\t\t\t\t<\/div>\n\t\t\t\t\t\t\t\t\n<style>\n#image_1485982828 {\n  width: 100%;\n}\n<\/style>\n\t<\/div>\n\t\n\n\n\t\t<\/div>\n\t\t\t\t\t<\/div>\n\n\t\n\n\t<div id=\"col-82527707\" class=\"col medium-4 small-12 large-4\"  >\n\t\t\t\t<div class=\"col-inner\"  >\n\t\t\t\n\t\t\t\n\n\t<div class=\"img has-hover x md-x lg-x y md-y lg-y\" id=\"image_985160413\">\n\t\t\t\t\t\t\t\t<div class=\"img-inner dark\" >\n\t\t\t<img loading=\"lazy\" decoding=\"async\" width=\"320\" height=\"120\" src=\"https:\/\/www.luxproof.lu\/wp-content\/uploads\/2024\/07\/sdeec.webp\" class=\"attachment-large size-large\" alt=\"\" \/>\t\t\t\t\t\t\n\t\t\t\t\t<\/div>\n\t\t\t\t\t\t\t\t\n<style>\n#image_985160413 {\n  width: 100%;\n}\n<\/style>\n\t<\/div>\n\t\n\n\n\t\t<\/div>\n\t\t\t\t\t<\/div>\n\n\t\n\n<\/div>\n\n","protected":false},"excerpt":{"rendered":"","protected":false},"author":1,"featured_media":0,"parent":0,"menu_order":0,"comment_status":"closed","ping_status":"closed","template":"","meta":{"footnotes":""},"class_list":["post-801","page","type-page","status-publish","hentry"],"_links":{"self":[{"href":"https:\/\/www.luxproof.lu\/fr\/wp-json\/wp\/v2\/pages\/801","targetHints":{"allow":["GET"]}}],"collection":[{"href":"https:\/\/www.luxproof.lu\/fr\/wp-json\/wp\/v2\/pages"}],"about":[{"href":"https:\/\/www.luxproof.lu\/fr\/wp-json\/wp\/v2\/types\/page"}],"author":[{"embeddable":true,"href":"https:\/\/www.luxproof.lu\/fr\/wp-json\/wp\/v2\/users\/1"}],"replies":[{"embeddable":true,"href":"https:\/\/www.luxproof.lu\/fr\/wp-json\/wp\/v2\/comments?post=801"}],"version-history":[{"count":3,"href":"https:\/\/www.luxproof.lu\/fr\/wp-json\/wp\/v2\/pages\/801\/revisions"}],"predecessor-version":[{"id":921,"href":"https:\/\/www.luxproof.lu\/fr\/wp-json\/wp\/v2\/pages\/801\/revisions\/921"}],"wp:attachment":[{"href":"https:\/\/www.luxproof.lu\/fr\/wp-json\/wp\/v2\/media?parent=801"}],"curies":[{"name":"wp","href":"https:\/\/api.w.org\/{rel}","templated":true}]}}