{"id":799,"date":"2024-04-25T14:57:17","date_gmt":"2024-04-25T14:57:17","guid":{"rendered":"https:\/\/www.luxproof.lu\/stockage-denergie-batteries\/"},"modified":"2024-11-26T15:44:36","modified_gmt":"2024-11-26T15:44:36","slug":"stockage-denergie-batteries","status":"publish","type":"page","link":"https:\/\/www.luxproof.lu\/fr\/stockage-denergie-batteries\/","title":{"rendered":"Stockage d&rsquo;\u00e9nergie \u2013 Batteries"},"content":{"rendered":"\n\n\t<section class=\"section pageHeader\" id=\"section_1883800396\">\n\t\t<div class=\"section-bg fill\" >\n\t\t\t\t\t\t\t\t\t\n\t\t\t\n\n\t\t<\/div>\n\n\t\t\n\n\t\t<div class=\"section-content relative\">\n\t\t\t\n\n<div class=\"row\"  id=\"row-1616035199\">\n\n\n\t<div id=\"col-1601041137\" class=\"col small-12 large-12\"  >\n\t\t\t\t<div class=\"col-inner\"  >\n\t\t\t\n\t\t\t\n\n  <div id=\"page-header-1010660788\" class=\"page-header-wrapper\">\n  <div class=\"page-title light simple-title\">\n\n    \n    <div class=\"page-title-inner container align-center text-center flex-row-col medium-flex-wrap\" >\n              <div class=\"title-wrapper is-larger flex-col\">\n          <h1 class=\"entry-title mb-0\">\n            Stockage d&rsquo;\u00e9nergie \u2013 Batteries          <\/h1>\n        <\/div>\n                    <div class=\"title-content flex-col\">\n        <div class=\"title-breadcrumbs pb-half pt-half\"><\/div>      <\/div>\n    <\/div>\n\n       <\/div>\n    <\/div>\n  \n\n\n\t\t<\/div>\n\t\t\t\t\t<\/div>\n\n\t\n\n<\/div>\n\n  <div class=\"banner has-hover\" id=\"banner-1284972899\">\n          <div class=\"banner-inner fill\">\n        <div class=\"banner-bg fill\" >\n            <img loading=\"lazy\" decoding=\"async\" width=\"800\" height=\"800\" src=\"https:\/\/www.luxproof.lu\/wp-content\/uploads\/2024\/04\/energy-storage-solutions-800x800.webp\" class=\"bg attachment-large size-large\" alt=\"\" \/>                        <div class=\"overlay\"><\/div>            \n                    <\/div>\n\t\t\n        <div class=\"banner-layers container\">\n            <div class=\"fill banner-link\"><\/div>            \n\n   <div id=\"text-box-234503208\" class=\"text-box banner-layer x50 md-x50 lg-x50 y50 md-y50 lg-y50 res-text\">\n                                <div class=\"text-box-content text dark\">\n              \n              <div class=\"text-inner text-center\">\n                  \n\n<p class=\"lead\">Nous nous engageons \u00e0 fournir des solutions \u00e9nerg\u00e9tiques fiables, durables et innovantes. En tant qu&rsquo;acteur majeur dans le domaine des \u00e9quipements de distribution d&rsquo;\u00e9nergie, notre mission est de veiller \u00e0 ce que chaque foyer, chaque entreprise et chaque communaut\u00e9 ait acc\u00e8s aux derni\u00e8res avanc\u00e9es dans ce domaine. <\/p>\n\n\n              <\/div>\n           <\/div>\n                            \n<style>\n#text-box-234503208 {\n  width: 60%;\n}\n#text-box-234503208 .text-box-content {\n  font-size: 100%;\n}\n@media (min-width:550px) {\n  #text-box-234503208 {\n    width: 86%;\n  }\n}\n<\/style>\n    <\/div>\n \n\n        <\/div>\n      <\/div>\n\n            \n<style>\n#banner-1284972899 {\n  padding-top: 400px;\n  background-color: rgb(18, 22, 23);\n}\n#banner-1284972899 .overlay {\n  background-color: rgba(0,0,0,.5);\n}\n#banner-1284972899 .banner-bg img {\n  object-position: 0% 73%;\n}\n<\/style>\n  <\/div>\n\n\n\n\t\t<\/div>\n\n\t\t\n<style>\n#section_1883800396 {\n  padding-top: 30px;\n  padding-bottom: 30px;\n}\n<\/style>\n\t<\/section>\n\t\n<div class=\"row\"  id=\"row-838703250\">\n\n\n\t<div id=\"col-1035164631\" class=\"col medium-6 small-12 large-6\"  >\n\t\t\t\t<div class=\"col-inner\"  >\n\t\t\t\n\t\t\t\n\n<h2>Nos services<\/h2>\n<ul>\n<li><strong>Conception et ing\u00e9nierie :<\/strong> Nous offrons des services complets de conception et d&rsquo;ing\u00e9nierie pour les r\u00e9seaux \u00e9lectriques. Notre \u00e9quipe travaille avec pr\u00e9cision pour cr\u00e9er des infrastructures robustes capables de r\u00e9pondre aux exigences \u00e9nerg\u00e9tiques les plus strictes. <\/li>\n<li><strong>Maintenance et surveillance :<\/strong> Une maintenance proactive et une surveillance continue sont essentielles pour garantir la long\u00e9vit\u00e9 de vos installations \u00e9nerg\u00e9tiques. Nous utilisons des technologies de pointe pour surveiller vos r\u00e9seaux en temps r\u00e9el et r\u00e9agir rapidement en cas d&rsquo;anomalie. <\/li>\n<li><strong>Optimisation des performances :<\/strong><span style=\"font-weight: 400;\"> Gr\u00e2ce \u00e0 des analyses approfondies et \u00e0 des outils de diagnostic avanc\u00e9s, nous aidons nos clients \u00e0 optimiser les performances de leurs syst\u00e8mes de distribution. Nos solutions visent \u00e0 r\u00e9duire les pertes d&rsquo;\u00e9nergie et \u00e0 am\u00e9liorer l&rsquo;efficacit\u00e9 globale. <\/span><\/li>\n<\/ul>\n\n\t\t<\/div>\n\t\t\t\t\t<\/div>\n\n\t\n\n\t<div id=\"col-382128926\" class=\"col medium-6 small-12 large-6\"  >\n\t\t\t\t<div class=\"col-inner\"  >\n\t\t\t\n\t\t\t\n\n<h2>Nos comp\u00e9tences cl\u00e9s<\/h2>\n<ul>\n<li><strong>Innovation technologique :<\/strong> Nous int\u00e9grons les derni\u00e8res innovations technologiques pour am\u00e9liorer la distribution de l&rsquo;\u00e9nergie. Nos projets comprennent l&rsquo;utilisation de syst\u00e8mes avanc\u00e9s de gestion de l&rsquo;\u00e9nergie et de technologies d&rsquo;automatisation pour un r\u00e9seau plus intelligent et plus r\u00e9actif. <\/li>\n<li><strong>Fiabilit\u00e9 et s\u00e9curit\u00e9 :<\/strong> La s\u00e9curit\u00e9 et la fiabilit\u00e9 sont primordiales. Nous adoptons les meilleures pratiques du secteur pour garantir le respect des normes de s\u00e9curit\u00e9 et une distribution ininterrompue. <\/li>\n<li><strong>Expertise et savoir-faire :<\/strong> Avec des ann\u00e9es d&rsquo;exp\u00e9rience et une expertise reconnue dans le domaine, notre \u00e9quipe poss\u00e8de le savoir-faire n\u00e9cessaire pour g\u00e9rer des projets complexes de distribution d&rsquo;\u00e9nergie. Nous proposons des solutions personnalis\u00e9es adapt\u00e9es aux besoins sp\u00e9cifiques de chaque client. <\/li>\n<li><strong>Approche personnalis\u00e9e :<\/strong><span style=\"font-weight: 400;\"> Nous croyons en l&rsquo;importance d&rsquo;une approche personnalis\u00e9e. Chaque projet est unique et nous travaillons en \u00e9troite collaboration avec nos clients pour d\u00e9velopper des solutions adapt\u00e9es \u00e0 leurs besoins sp\u00e9cifiques. <\/span><\/li>\n<\/ul>\n\n\t\t<\/div>\n\t\t\t\t\t<\/div>\n\n\t\n\n\t<div id=\"col-496600564\" class=\"col medium-6 small-12 large-6\"  >\n\t\t\t\t<div class=\"col-inner\"  >\n\t\t\t\n\t\t\t\n\n<h2>Engagement environnemental<\/h2>\n<p>Nous nous engageons \u00e0 promouvoir des pratiques durables et \u00e0 int\u00e9grer des solutions d&rsquo;\u00e9nergie renouvelable dans nos projets. Notre objectif est de contribuer \u00e0 la r\u00e9duction de l&#8217;empreinte carbone tout en fournissant des solutions \u00e9nerg\u00e9tiques fiables. <\/p>\n\n\t\t<\/div>\n\t\t\t\t\t<\/div>\n\n\t\n\n\t<div id=\"col-584487512\" class=\"col medium-6 small-12 large-6\"  >\n\t\t\t\t<div class=\"col-inner\"  >\n\t\t\t\n\t\t\t\n\n<h2>Assistance technique permanente<\/h2>\n<p>Notre engagement ne s&rsquo;arr\u00eate pas \u00e0 la livraison du projet. Nous offrons une assistance technique permanente pour garantir que vos syst\u00e8mes fonctionnent efficacement et en toute s\u00e9curit\u00e9 sur le long terme. <\/p>\n\n\t\t<\/div>\n\t\t\t\t\t<\/div>\n\n\t\n\n<\/div>\n<div class=\"row\"  id=\"row-595897919\">\n\n\n\t<div id=\"col-1804120967\" class=\"col medium-4 small-12 large-4\"  >\n\t\t\t\t<div class=\"col-inner\"  >\n\t\t\t\n\t\t\t\n\n\n\t\t<\/div>\n\t\t\t\t\t<\/div>\n\n\t\n\n\t<div id=\"col-1988155164\" class=\"col medium-4 small-12 large-4\"  >\n\t\t\t\t<div class=\"col-inner\"  >\n\t\t\t\n\t\t\t\n\n\t<div class=\"img has-hover x md-x lg-x y md-y lg-y\" id=\"image_1428149301\">\n\t\t\t\t\t\t\t\t<div class=\"img-inner dark\" >\n\t\t\t<img loading=\"lazy\" decoding=\"async\" width=\"320\" height=\"120\" src=\"https:\/\/www.luxproof.lu\/wp-content\/uploads\/2024\/04\/pylontech.jpg\" class=\"attachment-large size-large\" alt=\"\" \/>\t\t\t\t\t\t\n\t\t\t\t\t<\/div>\n\t\t\t\t\t\t\t\t\n<style>\n#image_1428149301 {\n  width: 100%;\n}\n<\/style>\n\t<\/div>\n\t\n\n\n\t\t<\/div>\n\t\t\t\t\t<\/div>\n\n\t\n\n\t<div id=\"col-341295356\" class=\"col medium-4 small-12 large-4\"  >\n\t\t\t\t<div class=\"col-inner\"  >\n\t\t\t\n\t\t\t\n\n\n\t\t<\/div>\n\t\t\t\t\t<\/div>\n\n\t\n\n<\/div>\n\n","protected":false},"excerpt":{"rendered":"","protected":false},"author":1,"featured_media":0,"parent":0,"menu_order":0,"comment_status":"closed","ping_status":"closed","template":"","meta":{"footnotes":""},"class_list":["post-799","page","type-page","status-publish","hentry"],"_links":{"self":[{"href":"https:\/\/www.luxproof.lu\/fr\/wp-json\/wp\/v2\/pages\/799","targetHints":{"allow":["GET"]}}],"collection":[{"href":"https:\/\/www.luxproof.lu\/fr\/wp-json\/wp\/v2\/pages"}],"about":[{"href":"https:\/\/www.luxproof.lu\/fr\/wp-json\/wp\/v2\/types\/page"}],"author":[{"embeddable":true,"href":"https:\/\/www.luxproof.lu\/fr\/wp-json\/wp\/v2\/users\/1"}],"replies":[{"embeddable":true,"href":"https:\/\/www.luxproof.lu\/fr\/wp-json\/wp\/v2\/comments?post=799"}],"version-history":[{"count":1,"href":"https:\/\/www.luxproof.lu\/fr\/wp-json\/wp\/v2\/pages\/799\/revisions"}],"predecessor-version":[{"id":800,"href":"https:\/\/www.luxproof.lu\/fr\/wp-json\/wp\/v2\/pages\/799\/revisions\/800"}],"wp:attachment":[{"href":"https:\/\/www.luxproof.lu\/fr\/wp-json\/wp\/v2\/media?parent=799"}],"curies":[{"name":"wp","href":"https:\/\/api.w.org\/{rel}","templated":true}]}}