{"id":775,"date":"2024-04-24T08:14:37","date_gmt":"2024-04-24T08:14:37","guid":{"rendered":"https:\/\/www.luxproof.lu\/photovoltaique\/"},"modified":"2024-11-26T15:32:32","modified_gmt":"2024-11-26T15:32:32","slug":"photovoltaique","status":"publish","type":"page","link":"https:\/\/www.luxproof.lu\/fr\/photovoltaique\/","title":{"rendered":"Photovolta\u00efque"},"content":{"rendered":"\n\n\t<section class=\"section pageHeader\" id=\"section_1407898861\">\n\t\t<div class=\"section-bg fill\" >\n\t\t\t\t\t\t\t\t\t\n\t\t\t\n\n\t\t<\/div>\n\n\t\t\n\n\t\t<div class=\"section-content relative\">\n\t\t\t\n\n<div class=\"row\"  id=\"row-539338512\">\n\n\n\t<div id=\"col-1568777508\" class=\"col small-12 large-12\"  >\n\t\t\t\t<div class=\"col-inner\"  >\n\t\t\t\n\t\t\t\n\n  <div id=\"page-header-749192505\" class=\"page-header-wrapper\">\n  <div class=\"page-title light simple-title\">\n\n    \n    <div class=\"page-title-inner container align-center text-center flex-row-col medium-flex-wrap\" >\n              <div class=\"title-wrapper is-larger flex-col\">\n          <h1 class=\"entry-title mb-0\">\n            Photovolta\u00efque          <\/h1>\n        <\/div>\n                    <div class=\"title-content flex-col\">\n        <div class=\"title-breadcrumbs pb-half pt-half\"><\/div>      <\/div>\n    <\/div>\n\n       <\/div>\n    <\/div>\n  \n\n\n\t\t<\/div>\n\t\t\t\t\t<\/div>\n\n\t\n\n<\/div>\n\n  <div class=\"banner has-hover\" id=\"banner-412589677\">\n          <div class=\"banner-inner fill\">\n        <div class=\"banner-bg fill\" >\n            <img loading=\"lazy\" decoding=\"async\" width=\"800\" height=\"800\" src=\"https:\/\/www.luxproof.lu\/wp-content\/uploads\/2024\/06\/pv-03-800x800.webp\" class=\"bg attachment-large size-large\" alt=\"\" \/>                                    \n                    <\/div>\n\t\t\n        <div class=\"banner-layers container\">\n            <div class=\"fill banner-link\"><\/div>            \n\n   <div id=\"text-box-441563973\" class=\"text-box banner-layer x50 md-x50 lg-x50 y50 md-y50 lg-y50 res-text\">\n                                <div class=\"text-box-content text dark\">\n              \n              <div class=\"text-inner text-center\">\n                  \n\n\n              <\/div>\n           <\/div>\n                            \n<style>\n#text-box-441563973 {\n  width: 60%;\n}\n#text-box-441563973 .text-box-content {\n  font-size: 100%;\n}\n@media (min-width:550px) {\n  #text-box-441563973 {\n    width: 60%;\n  }\n}\n<\/style>\n    <\/div>\n \n\n        <\/div>\n      <\/div>\n\n            \n<style>\n#banner-412589677 {\n  padding-top: 400px;\n  background-color: rgb(18, 22, 23);\n}\n#banner-412589677 .banner-bg img {\n  object-position: 68% 12%;\n}\n<\/style>\n  <\/div>\n\n\n\n\t\t<\/div>\n\n\t\t\n<style>\n#section_1407898861 {\n  padding-top: 30px;\n  padding-bottom: 30px;\n}\n<\/style>\n\t<\/section>\n\t\n<div class=\"row\"  id=\"row-1739064435\">\n\n\n\t<div id=\"col-1452224638\" class=\"col small-12 large-12\"  >\n\t\t\t\t<div class=\"col-inner text-center\"  >\n\t\t\t\n\t\t\t\n\n<p class=\"lead\">Production d&rsquo;\u00e9nergie avec la technologie solaire : Au c\u0153ur de LuxProof\u00ae se trouve l&rsquo;utilisation de panneaux solaires, optimis\u00e9s par des onduleurs avanc\u00e9s. Cette configuration assure une conversion maximale de la lumi\u00e8re solaire en \u00e9lectricit\u00e9, contribuant ainsi \u00e0 un r\u00e9seau \u00e9nerg\u00e9tique durable. <\/p>\n\n<a class=\"button primary is-link lowercase hidden\" >\n\t\t<span>Plus d&apos;informations<\/span>\n\t<\/a>\n\n\n\n\t\t<\/div>\n\t\t\t\t\t<\/div>\n\n\t\n\n<\/div>\n<div class=\"row align-middle\"  id=\"row-1015784115\">\n\n\n\t<div id=\"col-1263930346\" class=\"col medium-6 small-12 large-6\"  >\n\t\t\t\t<div class=\"col-inner\"  >\n\t\t\t\n\t\t\t\n\n\t<div class=\"img has-hover x md-x lg-x y md-y lg-y\" id=\"image_851032481\">\n\t\t\t\t\t\t\t\t<div class=\"img-inner dark\" >\n\t\t\t<img loading=\"lazy\" decoding=\"async\" width=\"800\" height=\"800\" src=\"https:\/\/www.luxproof.lu\/wp-content\/uploads\/2024\/07\/pv_01-800x800.webp\" class=\"attachment-large size-large\" alt=\"\" srcset=\"https:\/\/www.luxproof.lu\/wp-content\/uploads\/2024\/07\/pv_01-800x800.webp 800w, https:\/\/www.luxproof.lu\/wp-content\/uploads\/2024\/07\/pv_01-400x400.webp 400w, https:\/\/www.luxproof.lu\/wp-content\/uploads\/2024\/07\/pv_01-280x280.webp 280w, https:\/\/www.luxproof.lu\/wp-content\/uploads\/2024\/07\/pv_01-768x768.webp 768w, https:\/\/www.luxproof.lu\/wp-content\/uploads\/2024\/07\/pv_01.webp 1024w\" sizes=\"auto, (max-width: 800px) 100vw, 800px\" \/>\t\t\t\t\t\t\n\t\t\t\t\t<\/div>\n\t\t\t\t\t\t\t\t\n<style>\n#image_851032481 {\n  width: 100%;\n}\n<\/style>\n\t<\/div>\n\t\n\n\n\t\t<\/div>\n\t\t\t\t\t<\/div>\n\n\t\n\n\t<div id=\"col-1515890107\" class=\"col medium-6 small-12 large-6\"  >\n\t\t\t\t<div class=\"col-inner\"  >\n\t\t\t\n\t\t\t\n\n<h2>Panneaux PV LuxProof\u00ae : L&rsquo;avenir de l&rsquo;\u00e9nergie solaire<\/h2>\n<p>Dans l&rsquo;univers de LuxProof\u00ae, innovation et durabilit\u00e9 vont de pair. Nos panneaux solaires de pointe incarnent une qualit\u00e9, une efficacit\u00e9 et une fiabilit\u00e9 exceptionnelles. Fruit de notre vaste exp\u00e9rience dans le secteur photovolta\u00efque, les panneaux LuxProof\u00ae offrent une gamme de produits id\u00e9ale pour r\u00e9aliser tout type de projet. En tant que marque locale, nous nous engageons pour la qualit\u00e9, certifi\u00e9e par T\u00dcV et labellis\u00e9e Ecotrel, garantissant une \u00e9limination respectueuse de l&rsquo;environnement.    <\/p>\n\n\t\t<\/div>\n\t\t\t\t\t<\/div>\n\n\t\n\n<\/div>\n<div class=\"row\"  id=\"row-1435110088\">\n\n\n\t<div id=\"col-616206444\" class=\"col small-12 large-12\"  >\n\t\t\t\t<div class=\"col-inner\"  >\n\t\t\t\n\t\t\t\n\n<h2>Pourquoi choisir les panneaux PV LuxProof\u00ae ?<\/h2>\n<ol>\n<li><strong>Efficacit\u00e9 maximale :<\/strong> Les panneaux PV LuxProof\u00ae utilisent la technologie de pointe TOPCon (Tunnel Oxide Passivated Contact) pour un rendement \u00e9nerg\u00e9tique optimal. Avec une efficacit\u00e9 pouvant atteindre 22,5 %, ils comptent parmi les plus performants du march\u00e9. Cette technologie r\u00e9duit la recombinaison des trous-\u00e9lectrons, augmentant ainsi l&rsquo;efficacit\u00e9. Nos panneaux offrent une performance comp\u00e9titive, conforme aux normes industrielles les plus \u00e9lev\u00e9es.   <\/li>\n<li><strong>Durabilit\u00e9 :<\/strong> Nos panneaux sont con\u00e7us pour durer plus de 30 ans. Leur construction en mat\u00e9riaux robustes garantit une excellente r\u00e9sistance aux influences environnementales. Certifi\u00e9s T\u00dcV, les panneaux PV LuxProof\u00ae r\u00e9pondent aux normes de qualit\u00e9 et de s\u00e9curit\u00e9 les plus rigoureuses. La technologie de cellules demi-coup\u00e9es r\u00e9duit les pertes \u00e9lectriques et am\u00e9liore la performance sous des conditions d&rsquo;ombrage partiel. De plus, nos panneaux int\u00e8grent une r\u00e9sistance \u00e0 la PID (d\u00e9gradation induite par le potentiel), ce qui am\u00e9liore la fiabilit\u00e9 en \u00e9vitant les pertes de performance dues au stress de tension.    <\/li>\n<li><strong>Esth\u00e9tique :<\/strong> En plus de leur performance, nos panneaux sont aussi esth\u00e9tiquement plaisants. Nos modules \u00ab Full Black \u00bb r\u00e9pondent aux normes esth\u00e9tiques \u00e9lev\u00e9es exig\u00e9es par certaines communes dans leurs r\u00e9glementations de construction. <\/li>\n<li><strong>Durabilit\u00e9 \u00e9cologique : <\/strong>Nos produits portent le label Ecotrel, garantissant une \u00e9limination respectueuse de l&rsquo;environnement. Nous sommes fiers d&rsquo;offrir des solutions qui ne sont pas seulement efficaces et fiables, mais \u00e9galement respectueuses de l&rsquo;environnement. <\/li>\n<li><strong>Fiabilit\u00e9 garantie :<\/strong> Nous soutenons la qualit\u00e9 de nos produits. Les panneaux PV LuxProof\u00ae sont couverts par une garantie compl\u00e8te, vous offrant s\u00e9curit\u00e9 et confiance dans votre investissement. Nos garanties couvrent \u00e0 la fois la qualit\u00e9 du produit et la performance \u00e0 long terme de nos modules, prot\u00e9geant ainsi votre investissement pour les ann\u00e9es \u00e0 venir.  <\/li>\n<\/ol>\n\n\t\t<\/div>\n\t\t\t\t\t<\/div>\n\n\t\n\n<\/div>\n\n\t<section class=\"section\" id=\"section_2086932397\">\n\t\t<div class=\"section-bg fill\" >\n\t\t\t\t\t\t\t\t\t\n\t\t\t\n\n\t\t<\/div>\n\n\t\t\n\n\t\t<div class=\"section-content relative\">\n\t\t\t\n\n<div class=\"row\"  id=\"row-1631608795\">\n\n\n\t<div id=\"col-1243108587\" class=\"col small-12 large-12\"  >\n\t\t\t\t<div class=\"col-inner\"  >\n\t\t\t\n\t\t\t\n\n\n\n<table border=\"1\">\n  <tr>\n    <th style=\"padding-left: 10px;\"><strong>Caract\u00e9ristiques<\/strong><\/th>\n<th>N-TOPCon Full Black Monocrystalline<\/th>\n<th>N-TOPCon Bifacial Monocrystalline (420-440 W)<\/th>\n<th>N-TOPCon Bifacial Monocrystalline (565-585 W)<\/th>\n  <\/tr>\n  <tr>\n    <td style=\"padding-left: 10px;\"><strong>Technologie<\/strong><\/td>\n<td>Half-cell technology with 182-108 cells<\/td>\n<td>Half-cell technology with 182-108 cells<\/td>\n<td>Half-cell technology with 182-144 cells<\/td>\n  <\/tr>\n  <tr>\n    <td style=\"padding-left: 10px;\"><strong>Puissance<\/strong><\/td>\n<td>Jusqu&rsquo;\u00e0 440 W<\/td>\n<td>Jusqu&rsquo;\u00e0 440 W<\/td>\n<td>Jusqu&rsquo;\u00e0 585 W<\/td>\n  <\/tr>\n  <tr>\n    <strong><td style=\"padding-left: 10px;\">Rendement<\/td><\/strong>\n<td>Jusqu&rsquo;\u00e0 22.02%<\/td>\n<td>Jusqu&rsquo;\u00e0 22.02%<\/td>\n<td>Jusqu&rsquo;\u00e0 22.5%<\/td>\n  <\/tr>\n  <tr>\n    <td style=\"padding-left: 10px;\"><strong>Poids<\/strong><\/td>\n<td>21 kg<\/td>\n<td>25 kg<\/td>\n<td>32 kg<\/td>\n  <\/tr>\n  <tr>\n    <td style=\"padding-left: 10px;\"><strong>Dimensions<\/strong><\/td>\n<td>1722 x 1134 x 30 mm<\/td>\n<td>1722 x 1134 x 30 mm<\/td>\n<td>2279 x 1134 x 30 mm<\/td>\n  <\/tr>\n  <tr>\n    <td style=\"padding-left: 10px;\"><strong>Full Black<\/strong><\/td>\n<td>Oui<\/td>\n<td>Non<\/td>\n<td>Non<\/td>\n  <\/tr>\n  <tr>\n    <td style=\"padding-left: 10px;\"><strong>Bifacial Output<\/strong><\/td>\n<td>Non applicable<\/td>\n<td>Gain bifacial permettant jusqu&rsquo;\u00e0 30 % de puissance suppl\u00e9mentaire<\/td>\n<td>Gain bifacial permettant jusqu&rsquo;\u00e0 30 % de puissance suppl\u00e9mentaire<\/td>\n  <\/tr>\n  <tr>\n    <td style=\"padding-left: 10px;\"><strong>Application<\/strong><\/td>\n<td>R\u00e9sidentiel et industriel<\/td>\n<td>R\u00e9sidentiel et industriel<\/td>\n<td>Agri-PV<\/td>\n  <\/tr>\n<\/table>\n\n\n\t\t<\/div>\n\t\t\t\t\t<\/div>\n\n\t\n\n<\/div>\n\n\t\t<\/div>\n\n\t\t\n<style>\n#section_2086932397 {\n  padding-top: 30px;\n  padding-bottom: 30px;\n  background-color: rgb(251, 251, 251);\n}\n<\/style>\n\t<\/section>\n\t\n<div class=\"row\"  id=\"row-504029146\">\n\n\n\t<div id=\"col-1510859593\" class=\"col medium-6 small-12 large-6\"  >\n\t\t\t\t<div class=\"col-inner\"  >\n\t\t\t\n\t\t\t\n\n<h2>Conseil et Service<\/h2>\n<p>Chez LuxProof\u00ae, nous sommes engag\u00e9s \u00e0 transformer le monde gr\u00e2ce \u00e0 l&rsquo;\u00e9nergie durable. En plus de produits de premier ordre, nous offrons un conseil personnalis\u00e9 et un service complet. Notre \u00e9quipe vous accompagne \u00e0 chaque \u00e9tape, de la premi\u00e8re consultation au choix des panneaux solaires adapt\u00e9s.  <\/p>\n<p>Nos services incluent :<\/p>\n<ul>\n<li><strong>Consultation individuelle :<\/strong> Analyse de vos besoins pour des solutions solaires personnalis\u00e9es.<\/li>\n<li><strong>Assistance technique :<\/strong> \u00c0 votre disposition pour optimiser l\u2019utilisation des panneaux LuxProof\u00ae.<\/li>\n<li><strong>Garantie et fiabilit\u00e9 :<\/strong> Garanties compl\u00e8tes pour un investissement s\u00e9curis\u00e9.<\/li>\n<\/ul>\n\n\t\t<\/div>\n\t\t\t\t\t<\/div>\n\n\t\n\n\t<div id=\"col-1355160061\" class=\"col medium-6 small-12 large-6\"  >\n\t\t\t\t<div class=\"col-inner\"  >\n\t\t\t\n\t\t\t\n\n\t<div class=\"img has-hover x md-x lg-x y md-y lg-y\" id=\"image_300243368\">\n\t\t\t\t\t\t\t\t<div class=\"img-inner dark\" >\n\t\t\t<img loading=\"lazy\" decoding=\"async\" width=\"800\" height=\"800\" src=\"https:\/\/www.luxproof.lu\/wp-content\/uploads\/2024\/07\/pv_03-800x800.webp\" class=\"attachment-large size-large\" alt=\"\" srcset=\"https:\/\/www.luxproof.lu\/wp-content\/uploads\/2024\/07\/pv_03-800x800.webp 800w, https:\/\/www.luxproof.lu\/wp-content\/uploads\/2024\/07\/pv_03-400x400.webp 400w, https:\/\/www.luxproof.lu\/wp-content\/uploads\/2024\/07\/pv_03-280x280.webp 280w, https:\/\/www.luxproof.lu\/wp-content\/uploads\/2024\/07\/pv_03-768x768.webp 768w, https:\/\/www.luxproof.lu\/wp-content\/uploads\/2024\/07\/pv_03.webp 1024w\" sizes=\"auto, (max-width: 800px) 100vw, 800px\" \/>\t\t\t\t\t\t\n\t\t\t\t\t<\/div>\n\t\t\t\t\t\t\t\t\n<style>\n#image_300243368 {\n  width: 100%;\n}\n<\/style>\n\t<\/div>\n\t\n\n\n\t\t<\/div>\n\t\t\t\t\t<\/div>\n\n\t\n\n<\/div>\n<div class=\"row\"  id=\"row-570717153\">\n\n\n\t<div id=\"col-1094547010\" class=\"col small-12 large-12\"  >\n\t\t\t\t<div class=\"col-inner\"  >\n\t\t\t\n\t\t\t\n\n\t<div id=\"stack-1809797529\" class=\"stack stack-row justify-start items-center\">\n\t\t\n\n\t<div class=\"img has-hover x md-x lg-x y md-y lg-y\" id=\"image_1132736309\">\n\t\t<a class=\"\" href=\"https:\/\/enphase.com\/fr-fr\" target=\"_blank\" rel=\"noopener\" >\t\t\t\t\t\t<div class=\"img-inner dark\" >\n\t\t\t<img loading=\"lazy\" decoding=\"async\" width=\"320\" height=\"120\" src=\"https:\/\/www.luxproof.lu\/wp-content\/uploads\/2024\/04\/enphase.jpg\" class=\"attachment-large size-large\" alt=\"\" \/>\t\t\t\t\t\t\n\t\t\t\t\t<\/div>\n\t\t\t\t\t\t<\/a>\t\t\n<style>\n#image_1132736309 {\n  width: 100%;\n}\n<\/style>\n\t<\/div>\n\t\n\n\t<div class=\"img has-hover x md-x lg-x y md-y lg-y\" id=\"image_1597494860\">\n\t\t<a class=\"\" href=\"https:\/\/solar.huawei.com\/fr\" target=\"_blank\" rel=\"noopener\" >\t\t\t\t\t\t<div class=\"img-inner dark\" >\n\t\t\t<img loading=\"lazy\" decoding=\"async\" width=\"320\" height=\"120\" src=\"https:\/\/www.luxproof.lu\/wp-content\/uploads\/2024\/04\/huawei.jpg\" class=\"attachment-large size-large\" alt=\"\" \/>\t\t\t\t\t\t\n\t\t\t\t\t<\/div>\n\t\t\t\t\t\t<\/a>\t\t\n<style>\n#image_1597494860 {\n  width: 100%;\n}\n<\/style>\n\t<\/div>\n\t\n\n\t<div class=\"img has-hover x md-x lg-x y md-y lg-y\" id=\"image_633390392\">\n\t\t<a class=\"\" href=\"https:\/\/www.victronenergy.fr\/solar-pv-panels\/bluesolar-panels\" target=\"_blank\" rel=\"noopener\" >\t\t\t\t\t\t<div class=\"img-inner dark\" >\n\t\t\t<img loading=\"lazy\" decoding=\"async\" width=\"320\" height=\"120\" src=\"https:\/\/www.luxproof.lu\/wp-content\/uploads\/2024\/04\/victron-energy.jpg\" class=\"attachment-large size-large\" alt=\"\" \/>\t\t\t\t\t\t\n\t\t\t\t\t<\/div>\n\t\t\t\t\t\t<\/a>\t\t\n<style>\n#image_633390392 {\n  width: 100%;\n}\n<\/style>\n\t<\/div>\n\t\n\n\t<div class=\"img has-hover x md-x lg-x y md-y lg-y\" id=\"image_812707235\">\n\t\t<a class=\"\" href=\"https:\/\/www.sharp.fr\/energie-solaire\/decouvrir-les-panneaux-solaires-sharp\" target=\"_blank\" rel=\"noopener\" >\t\t\t\t\t\t<div class=\"img-inner dark\" >\n\t\t\t<img loading=\"lazy\" decoding=\"async\" width=\"320\" height=\"120\" src=\"https:\/\/www.luxproof.lu\/wp-content\/uploads\/2024\/04\/sharp.jpg\" class=\"attachment-large size-large\" alt=\"\" \/>\t\t\t\t\t\t\n\t\t\t\t\t<\/div>\n\t\t\t\t\t\t<\/a>\t\t\n<style>\n#image_812707235 {\n  width: 100%;\n}\n<\/style>\n\t<\/div>\n\t\n\n\t<div class=\"img has-hover x md-x lg-x y md-y lg-y\" id=\"image_906455862\">\n\t\t<a class=\"\" href=\"https:\/\/k2-systems.com\/fr\/solutions-produits\/\" target=\"_blank\" rel=\"noopener\" >\t\t\t\t\t\t<div class=\"img-inner dark\" >\n\t\t\t<img loading=\"lazy\" decoding=\"async\" width=\"320\" height=\"120\" src=\"https:\/\/www.luxproof.lu\/wp-content\/uploads\/2024\/04\/k2-systems.jpg\" class=\"attachment-large size-large\" alt=\"\" \/>\t\t\t\t\t\t\n\t\t\t\t\t<\/div>\n\t\t\t\t\t\t<\/a>\t\t\n<style>\n#image_906455862 {\n  width: 100%;\n}\n<\/style>\n\t<\/div>\n\t\n\n\n\t\t\n<style>\n#stack-1809797529 > * {\n  --stack-gap: 2rem;\n}\n<\/style>\n\t<\/div>\n\t\n\n\t\t<\/div>\n\t\t\t\t\t<\/div>\n\n\t\n\n<\/div>\n<div class=\"row\"  id=\"row-1073098740\">\n\n\n\t<div id=\"col-2122252003\" class=\"col small-12 large-12\"  >\n\t\t\t\t<div class=\"col-inner\"  >\n\t\t\t\n\t\t\t\n\n<h2>Contactez-nous<\/h2>\n<p>D\u00e9couvrez les avantages des panneaux PV LuxProof\u00ae et comment ils peuvent vous aider \u00e0 r\u00e9aliser vos projets efficacement et en toute fiabilit\u00e9. Explorez notre site ou contactez notre \u00e9quipe de service client\u00e8le, qui se fera un plaisir de vous assister.<\/p>\n<p>Avec les panneaux PV LuxProof\u00ae vous investissez dans un avenir durable et rentable. Optez pour l&rsquo;\u00e9nergie solaire et d\u00e9couvrez l&rsquo;alliance parfaite entre technologie de pointe et qualit\u00e9 exceptionnelle.<\/p>\n\n\t\t<\/div>\n\t\t\t\t\t<\/div>\n\n\t\n\n<\/div>\n\n","protected":false},"excerpt":{"rendered":"","protected":false},"author":1,"featured_media":0,"parent":0,"menu_order":0,"comment_status":"closed","ping_status":"closed","template":"","meta":{"footnotes":""},"class_list":["post-775","page","type-page","status-publish","hentry"],"_links":{"self":[{"href":"https:\/\/www.luxproof.lu\/fr\/wp-json\/wp\/v2\/pages\/775","targetHints":{"allow":["GET"]}}],"collection":[{"href":"https:\/\/www.luxproof.lu\/fr\/wp-json\/wp\/v2\/pages"}],"about":[{"href":"https:\/\/www.luxproof.lu\/fr\/wp-json\/wp\/v2\/types\/page"}],"author":[{"embeddable":true,"href":"https:\/\/www.luxproof.lu\/fr\/wp-json\/wp\/v2\/users\/1"}],"replies":[{"embeddable":true,"href":"https:\/\/www.luxproof.lu\/fr\/wp-json\/wp\/v2\/comments?post=775"}],"version-history":[{"count":1,"href":"https:\/\/www.luxproof.lu\/fr\/wp-json\/wp\/v2\/pages\/775\/revisions"}],"predecessor-version":[{"id":797,"href":"https:\/\/www.luxproof.lu\/fr\/wp-json\/wp\/v2\/pages\/775\/revisions\/797"}],"wp:attachment":[{"href":"https:\/\/www.luxproof.lu\/fr\/wp-json\/wp\/v2\/media?parent=775"}],"curies":[{"name":"wp","href":"https:\/\/api.w.org\/{rel}","templated":true}]}}