{"id":764,"date":"2024-04-24T12:41:20","date_gmt":"2024-04-24T12:41:20","guid":{"rendered":"https:\/\/www.luxproof.lu\/a-propos-de-nous\/"},"modified":"2024-11-26T14:57:34","modified_gmt":"2024-11-26T14:57:34","slug":"a-propos-de-nous","status":"publish","type":"page","link":"https:\/\/www.luxproof.lu\/fr\/a-propos-de-nous\/","title":{"rendered":"\u00c0 propos de nous"},"content":{"rendered":"\n<div class=\"row row-collapse row-full-width align-right\"  id=\"row-676742905\">\n\n\n\t<div id=\"col-2118333133\" class=\"col medium-6 small-12 large-6\"  >\n\t\t\t\t<div class=\"col-inner dark\"  >\n\t\t\t\n\t\t\t\n\n\t<div class=\"img has-hover x md-x lg-x y md-y lg-y\" id=\"image_207591026\">\n\t\t\t\t\t\t\t\t<div class=\"img-inner dark\" >\n\t\t\t<img loading=\"lazy\" decoding=\"async\" width=\"1024\" height=\"1024\" src=\"https:\/\/www.luxproof.lu\/wp-content\/uploads\/2024\/04\/products-solutions.webp\" class=\"attachment-original size-original\" alt=\"\" srcset=\"https:\/\/www.luxproof.lu\/wp-content\/uploads\/2024\/04\/products-solutions.webp 1024w, https:\/\/www.luxproof.lu\/wp-content\/uploads\/2024\/04\/products-solutions-400x400.webp 400w, https:\/\/www.luxproof.lu\/wp-content\/uploads\/2024\/04\/products-solutions-800x800.webp 800w, https:\/\/www.luxproof.lu\/wp-content\/uploads\/2024\/04\/products-solutions-280x280.webp 280w, https:\/\/www.luxproof.lu\/wp-content\/uploads\/2024\/04\/products-solutions-768x768.webp 768w\" sizes=\"auto, (max-width: 1024px) 100vw, 1024px\" \/>\t\t\t\t\t\t\n\t\t\t\t\t<\/div>\n\t\t\t\t\t\t\t\t\n<style>\n#image_207591026 {\n  width: 100%;\n}\n<\/style>\n\t<\/div>\n\t\n\n\n\t\t<\/div>\n\t\t\t\t\t<\/div>\n\n\t\n\n<\/div>\n<div class=\"row row-collapse row-full-width\"  id=\"row-1067257987\">\n\n\n\t<div id=\"col-636811182\" class=\"col medium-6 small-12 large-6\"  >\n\t\t\t\t<div class=\"col-inner text-left\"  >\n\t\t\t\n\t\t\t\n\n  <div id=\"page-header-2129340032\" class=\"page-header-wrapper\">\n  <div class=\"page-title light simple-title\">\n\n    \n    <div class=\"page-title-inner container align-center text-center flex-row-col medium-flex-wrap\" >\n              <div class=\"title-wrapper is-larger flex-col\">\n          <h1 class=\"entry-title mb-0\">\n            \u00c0 propos de nous          <\/h1>\n        <\/div>\n                    <div class=\"title-content flex-col\">\n        <div class=\"title-breadcrumbs pb-half pt-half\"><\/div>      <\/div>\n    <\/div>\n\n       <\/div>\n    <\/div>\n  \n\n\n\t\t<\/div>\n\t\t\t\t\n<style>\n#col-636811182 > .col-inner {\n  margin: 0px 0px 0px 0px;\n}\n@media (min-width:550px) {\n  #col-636811182 > .col-inner {\n    margin: -712px 0px 0px 0px;\n  }\n}\n<\/style>\n\t<\/div>\n\n\t\n\n\t<div id=\"col-145844758\" class=\"col medium-7 small-12 large-7\"  >\n\t\t\t\t<div class=\"col-inner dark\" style=\"background-color:rgb(17, 17, 17);\" >\n\t\t\t\n\t\t\t\n\n<p class=\"lead\"><strong>Luxproof\u00ae<\/strong> incarne une communaut\u00e9 d&rsquo;experts qui se consacrent \u00e0 la conception des meilleures solutions pour la gestion de votre \u00e9nergie.<\/p>\n<p>Nous donnons aux utilisateurs les moyens de ma\u00eetriser leur <strong>consommation d&rsquo;\u00e9nergie<\/strong> et de contribuer \u00e0 un <strong>avenir durable<\/strong>.<\/p>\n<p>Nous nous engageons \u00e0 ce que les solutions soient de haute qualit\u00e9 et bonnes pour la plan\u00e8te afin d&rsquo;obtenir le <strong>label LuxProof\u00ae<\/strong>.<\/p>\n<p>Nous nous assurons que les solutions sont de haute qualit\u00e9 et respectueuses de notre plan\u00e8te afin d&rsquo;obtenir le <strong>label LuxProof\u00ae<\/strong>.<\/p>\n\n\t\t<\/div>\n\t\t\t\t\n<style>\n#col-145844758 > .col-inner {\n  padding: 16px 16px 16px 16px;\n  margin: 0px 0px 0px 0px;\n}\n@media (min-width:550px) {\n  #col-145844758 > .col-inner {\n    padding: 64px 32px 64px 256px;\n    margin: -512px 0px 0px 0px;\n  }\n}\n<\/style>\n\t<\/div>\n\n\t\n\n<\/div>\n\n\t<section class=\"section\" id=\"section_1970629468\">\n\t\t<div class=\"section-bg fill\" >\n\t\t\t\t\t\t\t\t\t\n\t\t\t\n\n\t\t<\/div>\n\n\t\t\n\n\t\t<div class=\"section-content relative\">\n\t\t\t\n\n<div class=\"row\"  id=\"row-1386743541\">\n\n\n\t<div id=\"col-1483462233\" class=\"col medium-8 small-12 large-8\"  >\n\t\t\t\t<div class=\"col-inner text-left\"  >\n\t\t\t\n\t\t\t\n\n<h2>Que faisons-nous ?  <\/h2>\n<p>Nous identifions et s\u00e9lectionnons les meilleurs partenaires de notre secteur pour d\u00e9velopper des concepts \u00e9nerg\u00e9tiques intelligents.<\/p>\n<p>Nos experts sont \u00e0 la source et, avec nos partenaires, ils d\u00e9veloppent des produits faciles \u00e0 utiliser pour la production et le stockage de l&rsquo;\u00e9nergie.  <\/p>\n<p>Nous nous assurons que les solutions sont de haute qualit\u00e9 et respectueuses de notre plan\u00e8te afin d&rsquo;obtenir le label LuxProof\u00ae.<\/p>\n\n\t\t<\/div>\n\t\t\t\t\t<\/div>\n\n\t\n\n\t<div id=\"col-1190736698\" class=\"col medium-4 small-12 large-4\"  >\n\t\t\t\t<div class=\"col-inner text-center dark\" style=\"background-color:#059ed8;\" >\n\t\t\t\n\t\t\t\n\n<h2>Qu&rsquo;est-ce que nous repr\u00e9sentons ?<\/h2>\n<div><b>Un service ax\u00e9 sur le client<\/b><\/div>\n<div>\n<div><span style=\"font-size: 14.4px;\">Des solutions intuitives et efficaces<\/span><\/div>\n<div> <\/div>\n<\/div>\n<div>\n<div><b>Fiabilit\u00e9 et durabilit\u00e9<\/b><\/div>\n<div>Des produits con\u00e7us pour durer<\/div>\n<div> <\/div>\n<div><b>Innovation et qualit\u00e9<\/b><\/div>\n<div>Des solutions de pointe pour un avenir plus vert<\/div>\n<\/div>\n\n\t\t<\/div>\n\t\t\t\t\n<style>\n#col-1190736698 > .col-inner {\n  padding: 24px 24px 24px 24px;\n}\n<\/style>\n\t<\/div>\n\n\t\n\n\t<div id=\"col-1346102267\" class=\"col small-12 large-12\"  >\n\t\t\t\t<div class=\"col-inner text-center\"  >\n\t\t\t\n\t\t\t\n\n\t<div class=\"img has-hover x md-x lg-x y md-y lg-y\" id=\"image_290444235\">\n\t\t\t\t\t\t\t\t<div class=\"img-inner dark\" >\n\t\t\t<img loading=\"lazy\" decoding=\"async\" width=\"1020\" height=\"717\" src=\"https:\/\/www.luxproof.lu\/wp-content\/uploads\/2024\/06\/about-us-grid-02.webp\" class=\"attachment-large size-large\" alt=\"\" srcset=\"https:\/\/www.luxproof.lu\/wp-content\/uploads\/2024\/06\/about-us-grid-02.webp 1092w, https:\/\/www.luxproof.lu\/wp-content\/uploads\/2024\/06\/about-us-grid-02-569x400.webp 569w, https:\/\/www.luxproof.lu\/wp-content\/uploads\/2024\/06\/about-us-grid-02-768x540.webp 768w\" sizes=\"auto, (max-width: 1020px) 100vw, 1020px\" \/>\t\t\t\t\t\t\n\t\t\t\t\t<\/div>\n\t\t\t\t\t\t\t\t\n<style>\n#image_290444235 {\n  width: 100%;\n}\n<\/style>\n\t<\/div>\n\t\n\n\n\t\t<\/div>\n\t\t\t\t\t<\/div>\n\n\t\n\n\n\n<\/div>\n\n\t\t<\/div>\n\n\t\t\n<style>\n#section_1970629468 {\n  padding-top: 30px;\n  padding-bottom: 30px;\n}\n<\/style>\n\t<\/section>\n\t\n\n\t<section class=\"section\" id=\"section_182670340\">\n\t\t<div class=\"section-bg fill\" >\n\t\t\t\t\t\t\t\t\t\n\t\t\t\n\n\t\t<\/div>\n\n\t\t\n\n\t\t<div class=\"section-content relative\">\n\t\t\t\n\n<div class=\"row row-collapse row-full-width\"  id=\"row-526916674\">\n\n\n\t<div id=\"col-746000893\" class=\"col medium-6 small-12 large-6\"  >\n\t\t\t\t<div class=\"col-inner\"  >\n\t\t\t\n\t\t\t\n\n\t<div class=\"img has-hover x md-x lg-x y md-y lg-y\" id=\"image_581295974\">\n\t\t\t\t\t\t\t\t<div class=\"img-inner dark\" >\n\t\t\t<img loading=\"lazy\" decoding=\"async\" width=\"800\" height=\"800\" src=\"https:\/\/www.luxproof.lu\/wp-content\/uploads\/2024\/04\/iot-intelligent-network-800x800.webp\" class=\"attachment-large size-large\" alt=\"\" srcset=\"https:\/\/www.luxproof.lu\/wp-content\/uploads\/2024\/04\/iot-intelligent-network-800x800.webp 800w, https:\/\/www.luxproof.lu\/wp-content\/uploads\/2024\/04\/iot-intelligent-network-400x400.webp 400w, https:\/\/www.luxproof.lu\/wp-content\/uploads\/2024\/04\/iot-intelligent-network-280x280.webp 280w, https:\/\/www.luxproof.lu\/wp-content\/uploads\/2024\/04\/iot-intelligent-network-768x768.webp 768w, https:\/\/www.luxproof.lu\/wp-content\/uploads\/2024\/04\/iot-intelligent-network.webp 1024w\" sizes=\"auto, (max-width: 800px) 100vw, 800px\" \/>\t\t\t\t\t\t\n\t\t\t\t\t<\/div>\n\t\t\t\t\t\t\t\t\n<style>\n#image_581295974 {\n  width: 100%;\n}\n<\/style>\n\t<\/div>\n\t\n\n\n\t\t<\/div>\n\t\t\t\t\t<\/div>\n\n\t\n\n<\/div>\n\n\t\t<\/div>\n\n\t\t\n<style>\n#section_182670340 {\n  padding-top: 30px;\n  padding-bottom: 30px;\n}\n<\/style>\n\t<\/section>\n\t\n<div class=\"row row-collapse align-right whoWeAre1\"  id=\"row-1908724411\">\n\n\n\t<div id=\"col-1772223082\" class=\"col medium-8 small-12 large-8\"  >\n\t\t\t\t<div class=\"col-inner\" style=\"background-color:rgba(255, 255, 255, 0.9);\" >\n\t\t\t\n\t\t\t\n\n<p>La strat\u00e9gie de LuxProof\u00ae englobe la <strong>production, le stockage et la consommation d&rsquo;\u00e9nergie, ce qui permet d&rsquo;<\/strong> atteindre les objectifs mondiaux en mati\u00e8re de d\u00e9veloppement durable. Son parcours dans le domaine des \u00e9nergies renouvelables a commenc\u00e9 avec la technologie solaire, en proposant des panneaux solaires durables et \u00e0 haut rendement. La marque s&rsquo;\u00e9tend \u00e0 l&rsquo;<strong>\u00e9clairage efficace<\/strong>, au <strong>stockage d&rsquo;\u00e9nergie de grande capacit\u00e9<\/strong>, aux <strong>pompes \u00e0 chaleur innovantes<\/strong>, aux <strong>stations de recharge pour v\u00e9hicules \u00e9lectriques<\/strong> <strong>et aux syst\u00e8mes de distribution d&rsquo;\u00e9nergie intelligents<\/strong>, tous con\u00e7us pour optimiser l&rsquo;utilisation de l&rsquo;\u00e9nergie et promouvoir un mode de vie durable.<\/p>\n<p>Le <strong>contr\u00f4le et l&rsquo;automatisation intelligents<\/strong> am\u00e9liorent encore les solutions \u00e9nerg\u00e9tiques de Lux Proof gr\u00e2ce \u00e0 des syst\u00e8mes intelligents qui surveillent et g\u00e8rent l&rsquo;utilisation de l&rsquo;\u00e9nergie.<\/p>\n<p>La <strong>vision de<\/strong> LuxProof\u00ae est de cr\u00e9er un syst\u00e8me intelligent o\u00f9 la technologie am\u00e9liore l&rsquo;exp\u00e9rience de l&rsquo;utilisateur gr\u00e2ce \u00e0 la simplicit\u00e9 et au confort, en le guidant sans effort vers l&rsquo;efficacit\u00e9 \u00e9nerg\u00e9tique. Cette approche simplifie non seulement la gestion et l&rsquo;optimisation, mais garantit \u00e9galement une <strong>plateforme standardis\u00e9e<\/strong> qui peut \u00eatre d\u00e9ploy\u00e9e rapidement et qui est \u00e0 la fois robuste et conviviale.<\/p>\n<p class=\"lead\"><span class=\"highlight\">LuxProof\u00ae :<\/span> Un avenir meilleur pour tous !<\/p>\n\n\t\t<\/div>\n\t\t\t\t\n<style>\n#col-1772223082 > .col-inner {\n  padding: 24px 24px 24px 24px;\n  margin: 0px 0px 0px 0px;\n}\n@media (min-width:550px) {\n  #col-1772223082 > .col-inner {\n    margin: -650px 0px 0px 0px;\n  }\n}\n<\/style>\n\t<\/div>\n\n\t\n\n<\/div>\n\n","protected":false},"excerpt":{"rendered":"","protected":false},"author":1,"featured_media":0,"parent":0,"menu_order":0,"comment_status":"closed","ping_status":"closed","template":"","meta":{"footnotes":""},"class_list":["post-764","page","type-page","status-publish","hentry"],"_links":{"self":[{"href":"https:\/\/www.luxproof.lu\/fr\/wp-json\/wp\/v2\/pages\/764","targetHints":{"allow":["GET"]}}],"collection":[{"href":"https:\/\/www.luxproof.lu\/fr\/wp-json\/wp\/v2\/pages"}],"about":[{"href":"https:\/\/www.luxproof.lu\/fr\/wp-json\/wp\/v2\/types\/page"}],"author":[{"embeddable":true,"href":"https:\/\/www.luxproof.lu\/fr\/wp-json\/wp\/v2\/users\/1"}],"replies":[{"embeddable":true,"href":"https:\/\/www.luxproof.lu\/fr\/wp-json\/wp\/v2\/comments?post=764"}],"version-history":[{"count":3,"href":"https:\/\/www.luxproof.lu\/fr\/wp-json\/wp\/v2\/pages\/764\/revisions"}],"predecessor-version":[{"id":771,"href":"https:\/\/www.luxproof.lu\/fr\/wp-json\/wp\/v2\/pages\/764\/revisions\/771"}],"wp:attachment":[{"href":"https:\/\/www.luxproof.lu\/fr\/wp-json\/wp\/v2\/media?parent=764"}],"curies":[{"name":"wp","href":"https:\/\/api.w.org\/{rel}","templated":true}]}}